{"id":668,"date":"2025-12-10T20:41:46","date_gmt":"2025-12-10T20:41:46","guid":{"rendered":"https:\/\/kkossowski.pl\/?page_id=668"},"modified":"2026-03-17T16:50:40","modified_gmt":"2026-03-17T16:50:40","slug":"inne-projekty","status":"publish","type":"page","link":"https:\/\/kkossowski.pl\/pl\/inne-projekty\/","title":{"rendered":"Inne projekty"},"content":{"rendered":"<div class=\"et_pb_section_0 et_pb_section et_section_regular et_flex_section\">\n<div class=\"et_pb_row_0 et_pb_row et_flex_row preset--module--divi-row--default\">\n<div class=\"et_pb_column_0 et_pb_column et_flex_column et_pb_css_mix_blend_mode_passthrough et_animated et_flex_column_12_24 et_flex_column_12_24_tablet et_flex_column_24_24_phone et_flex_column_12_24_widescreen\">\n<div class=\"et_pb_text_0 et_pb_text et_pb_bg_layout_dark et_pb_module et_flex_module preset--module--divi-text--default\"><div class=\"et_pb_text_inner\"><h1>Dodatki<\/h1>\n<\/div><\/div>\n\n<div class=\"et_pb_text_1 et_pb_text et_pb_bg_layout_dark et_pb_module et_flex_module preset--module--divi-text--default\"><div class=\"et_pb_text_inner\"><p>Inne projekty graficzne, robione w czasie wolnym, lub na studia s\u0142abiej powi\u0105zane z moimi g\u0142\u00f3wnymi specjalizacjami.<\/p>\n<\/div><\/div>\n<\/div>\n\n<div class=\"et_pb_column_1 et_pb_column et-last-child et_flex_column et_pb_css_mix_blend_mode_passthrough et_flex_column_12_24 et_flex_column_12_24_tablet et_flex_column_24_24_phone et_flex_column_12_24_widescreen\">\n<div class=\"et_pb_group_0 et_pb_group et_pb_module et_flex_group et_pb_css_mix_blend_mode_passthrough\">\n<div class=\"et_pb_module et_pb_button_module_wrapper et_pb_button_0_wrapper preset--group--divi-button--divi-button--default_wrapper preset--module--divi-button--default_wrapper\"><a class=\"et_pb_button_0 et_pb_button et_pb_bg_layout_light et_pb_module et_flex_module preset--group--divi-button--divi-button--default preset--module--divi-button--default\" href=\"#video\">Wideo<\/a><\/div>\n\n<div class=\"et_pb_module et_pb_button_module_wrapper et_pb_button_1_wrapper preset--group--divi-button--divi-button--default_wrapper preset--module--divi-button--default_wrapper\"><a class=\"et_pb_button_1 et_pb_button et_pb_bg_layout_light et_pb_module et_flex_module preset--group--divi-button--divi-button--default preset--module--divi-button--default\" href=\"#photography\">Fotografia<\/a><\/div>\n<\/div>\n\n<div class=\"et_pb_group_1 et_pb_group et-last-child et_pb_module et_flex_group et_pb_css_mix_blend_mode_passthrough\">\n<div class=\"et_pb_module et_pb_button_module_wrapper et_pb_button_2_wrapper preset--group--divi-button--divi-button--default_wrapper preset--module--divi-button--default_wrapper\"><a class=\"et_pb_button_2 et_pb_button et_pb_bg_layout_light et_pb_module et_flex_module preset--group--divi-button--divi-button--default preset--module--divi-button--default\" href=\"#3d\">Modelowanie 3D<\/a><\/div>\n\n<div class=\"et_pb_module et_pb_button_module_wrapper et_pb_button_3_wrapper preset--group--divi-button--divi-button--default_wrapper preset--module--divi-button--default_wrapper\"><a class=\"et_pb_button_3 et_pb_button et_pb_bg_layout_light et_pb_module et_flex_module preset--group--divi-button--divi-button--default preset--module--divi-button--default\" href=\"#print\">Druk<\/a><\/div>\n<\/div>\n<\/div>\n<\/div>\n<\/div>\n\n<div class=\"et_pb_section_1 et_pb_section et_section_regular et_flex_section\" id=\"video\">\n<div class=\"et_pb_row_1 et_pb_row et_flex_row preset--module--divi-row--default\">\n<div class=\"et_pb_column_2 et_pb_column et-last-child et_flex_column et_pb_css_mix_blend_mode_passthrough et_flex_column_24_24 et_flex_column_24_24_tablet et_flex_column_24_24_phone et_flex_column_24_24_widescreen\">\n<div class=\"et_pb_text_2 et_pb_text et_pb_bg_layout_light et_animated et_pb_module et_flex_module preset--module--divi-text--default\"><div class=\"et_pb_text_inner\" data-et-mv-hidden-phone=\"true\"><h1>Wideo<\/h1>\n<\/div><\/div>\n\n<div class=\"et_pb_text_3 et_pb_text et_pb_bg_layout_light et_pb_module et_flex_module preset--module--divi-text--default\"><div class=\"et_pb_text_inner\"><p>Nagranie za pomoc\u0105 drona i przygotowanie rolki do internetu dla firmy Krokusowa Dolina.<\/p>\n<\/div><\/div>\n\n<div class=\"et_pb_video_0 et_pb_video et_pb_module et_flex_module\"><div class=\"et_pb_video_box\"><video controls><source type=\"video\/mp4\" src=\"https:\/\/kkossowski.pl\/wp-content\/uploads\/2025\/12\/compressO-koscielisko_facebook.mov\" \/><\/video><\/div><\/div>\n<\/div>\n<\/div>\n\n<div class=\"et_pb_row_2 et_pb_row et_flex_row preset--module--divi-row--default\">\n<div class=\"et_pb_column_3 et_pb_column et-last-child et_flex_column et_pb_css_mix_blend_mode_passthrough et_animated et_flex_column_8_24 et_flex_column_8_24_tablet et_flex_column_24_24_phone et_flex_column_8_24_widescreen\">\n<div class=\"et_pb_text_4 et_pb_text et_pb_bg_layout_dark et_pb_module et_flex_module preset--module--divi-text--default\"><div class=\"et_pb_text_inner\"><p>DaVinci Resolve<\/p>\n<\/div><\/div>\n<\/div>\n<\/div>\n<\/div>\n\n<div class=\"et_pb_section_2 et_pb_section et_section_regular et_flex_section\" id=\"3d\">\n<div class=\"et_pb_row_3 et_pb_row et_flex_row preset--module--divi-row--default\">\n<div class=\"et_pb_column_4 et_pb_column et-last-child et_flex_column et_pb_css_mix_blend_mode_passthrough et_flex_column_24_24 et_flex_column_24_24_tablet et_flex_column_24_24_phone et_flex_column_24_24_widescreen\">\n<div class=\"et_pb_text_5 et_pb_text et_pb_bg_layout_light et_animated et_pb_module et_flex_module preset--module--divi-text--default\"><div class=\"et_pb_text_inner\" data-et-mv-hidden-phone=\"true\"><h1>Modelowanie 3d<\/h1>\n<\/div><\/div>\n\n<div class=\"et_pb_text_6 et_pb_text et_pb_bg_layout_light et_pb_module et_flex_module preset--module--divi-text--default\"><div class=\"et_pb_text_inner\"><p>Humorystyczna posta\u0107 nawi\u0105zuj\u0105ca do firmy Cyber Chads w pe\u0142ni zaprojektowana, wymodelowana, i zriggowana przeze mnie.<\/p>\n<\/div><\/div>\n\n<div class=\"et_pb_image_0 et_pb_image et_pb_module et_flex_module\"><a href=\"https:\/\/kkossowski.pl\/wp-content\/uploads\/2025\/12\/bogdan-scaled.avif\" class=\"et_pb_lightbox_image\"><span class=\"et_pb_image_wrap\"><img decoding=\"async\" src=\"https:\/\/kkossowski.pl\/wp-content\/uploads\/2025\/12\/bogdan-scaled.avif\" width=\"3840\" height=\"2160\" sizes=\"(max-width: 3840px) 100vw, 3840px\" class=\"wp-image-678\" \/><\/span><\/a><\/div>\n<\/div>\n<\/div>\n\n<div class=\"et_pb_row_4 et_pb_row et_flex_row preset--module--divi-row--default\">\n<div class=\"et_pb_column_5 et_pb_column et-last-child et_flex_column et_pb_css_mix_blend_mode_passthrough et_animated et_flex_column_8_24 et_flex_column_8_24_tablet et_flex_column_24_24_phone et_flex_column_8_24_widescreen\">\n<div class=\"et_pb_text_7 et_pb_text et_pb_bg_layout_dark et_pb_module et_flex_module preset--module--divi-text--default\"><div class=\"et_pb_text_inner\"><p>Blender<\/p>\n<\/div><\/div>\n<\/div>\n<\/div>\n<\/div>\n\n<div class=\"et_pb_section_3 et_pb_section et_section_regular et_flex_section\" id=\"photography\">\n<div class=\"et_pb_row_5 et_pb_row et_flex_row preset--module--divi-row--default\">\n<div class=\"et_pb_column_6 et_pb_column et-last-child et_flex_column et_pb_css_mix_blend_mode_passthrough et_flex_column_24_24 et_flex_column_24_24_tablet et_flex_column_24_24_phone et_flex_column_24_24_widescreen\">\n<div class=\"et_pb_text_8 et_pb_text et_pb_bg_layout_light et_animated et_pb_module et_flex_module preset--module--divi-text--default\"><div class=\"et_pb_text_inner\" data-et-mv-hidden-phone=\"true\"><h1>Fotografia<\/h1>\n<\/div><\/div>\n\n<div class=\"et_pb_gallery_0 et_pb_gallery et_pb_bg_layout_light et_pb_gallery_grid et_pb_module\" data-auto-rotate=\"off\" data-auto-rotate-speed=\"\"><div class=\"et_pb_gallery_items et_post_gallery clearfix et_flex_module\" data-per_page=\"3\"><div class=\"et_pb_gallery_item et_pb_grid_item et_pb_gallery_item_0_0\"><div class=\"et_pb_gallery_image portrait\" data-per_page=\"3\"><a href=\"https:\/\/kkossowski.pl\/wp-content\/uploads\/2025\/12\/20250820_192039-scaled.avif\" title=\"\"><img decoding=\"async\" width=\"400\" height=\"516\" src=\"https:\/\/kkossowski.pl\/wp-content\/uploads\/2025\/12\/20250820_192039-400x516.avif\" alt=\"\" class=\"wp-image-688\" srcset=\"https:\/\/kkossowski.pl\/wp-content\/uploads\/2025\/12\/20250820_192039-scaled.avif 479w, https:\/\/kkossowski.pl\/wp-content\/uploads\/2025\/12\/20250820_192039-400x516.avif 480w\" sizes=\"(max-width:479px) 479px, 100vw\" \/><span class=\"et_overlay\" data-icon=\"\" data-icon-tablet=\"\" data-icon-phone=\"\"><\/span><\/a><\/div><\/div><div class=\"et_pb_gallery_item et_pb_grid_item et_pb_gallery_item_0_1\"><div class=\"et_pb_gallery_image portrait\" data-per_page=\"3\"><a href=\"https:\/\/kkossowski.pl\/wp-content\/uploads\/2025\/12\/20250928_184346-scaled.avif\" title=\"\"><img decoding=\"async\" width=\"400\" height=\"516\" src=\"https:\/\/kkossowski.pl\/wp-content\/uploads\/2025\/12\/20250928_184346-400x516.avif\" alt=\"\" class=\"wp-image-691\" srcset=\"https:\/\/kkossowski.pl\/wp-content\/uploads\/2025\/12\/20250928_184346-scaled.avif 479w, https:\/\/kkossowski.pl\/wp-content\/uploads\/2025\/12\/20250928_184346-400x516.avif 480w\" sizes=\"(max-width:479px) 479px, 100vw\" \/><span class=\"et_overlay\" data-icon=\"\" data-icon-tablet=\"\" data-icon-phone=\"\"><\/span><\/a><\/div><\/div><div class=\"et_pb_gallery_item et_pb_grid_item et_pb_gallery_item_0_2\"><div class=\"et_pb_gallery_image portrait\" data-per_page=\"3\"><a href=\"https:\/\/kkossowski.pl\/wp-content\/uploads\/2025\/12\/20251202_054817-scaled.avif\" title=\"\"><img decoding=\"async\" width=\"400\" height=\"516\" src=\"https:\/\/kkossowski.pl\/wp-content\/uploads\/2025\/12\/20251202_054817-400x516.avif\" alt=\"\" class=\"wp-image-689\" srcset=\"https:\/\/kkossowski.pl\/wp-content\/uploads\/2025\/12\/20251202_054817-scaled.avif 479w, https:\/\/kkossowski.pl\/wp-content\/uploads\/2025\/12\/20251202_054817-400x516.avif 480w\" sizes=\"(max-width:479px) 479px, 100vw\" \/><span class=\"et_overlay\" data-icon=\"\" data-icon-tablet=\"\" data-icon-phone=\"\"><\/span><\/a><\/div><\/div><div class=\"et_pb_gallery_item et_pb_grid_item et_pb_gallery_item_0_3\"><div class=\"et_pb_gallery_image portrait\" data-per_page=\"3\"><a href=\"https:\/\/kkossowski.pl\/wp-content\/uploads\/2025\/12\/20251001_012929-2-scaled.avif\" title=\"\"><img decoding=\"async\" width=\"400\" height=\"516\" src=\"https:\/\/kkossowski.pl\/wp-content\/uploads\/2025\/12\/20251001_012929-2-400x516.avif\" alt=\"\" class=\"wp-image-690\" srcset=\"https:\/\/kkossowski.pl\/wp-content\/uploads\/2025\/12\/20251001_012929-2-scaled.avif 479w, https:\/\/kkossowski.pl\/wp-content\/uploads\/2025\/12\/20251001_012929-2-400x516.avif 480w\" sizes=\"(max-width:479px) 479px, 100vw\" \/><span class=\"et_overlay\" data-icon=\"\" data-icon-tablet=\"\" data-icon-phone=\"\"><\/span><\/a><\/div><\/div><div class=\"et_pb_gallery_item et_pb_grid_item et_pb_gallery_item_0_4\"><div class=\"et_pb_gallery_image portrait\" data-per_page=\"3\"><a href=\"https:\/\/kkossowski.pl\/wp-content\/uploads\/2025\/12\/202011150026-scaled.avif\" title=\"\"><img decoding=\"async\" width=\"400\" height=\"516\" src=\"https:\/\/kkossowski.pl\/wp-content\/uploads\/2025\/12\/202011150026-400x516.avif\" alt=\"\" class=\"wp-image-696\" srcset=\"https:\/\/kkossowski.pl\/wp-content\/uploads\/2025\/12\/202011150026-scaled.avif 479w, https:\/\/kkossowski.pl\/wp-content\/uploads\/2025\/12\/202011150026-400x516.avif 480w\" sizes=\"(max-width:479px) 479px, 100vw\" \/><span class=\"et_overlay\" data-icon=\"\" data-icon-tablet=\"\" data-icon-phone=\"\"><\/span><\/a><\/div><\/div><div class=\"et_pb_gallery_item et_pb_grid_item et_pb_gallery_item_0_5\"><div class=\"et_pb_gallery_image portrait\" data-per_page=\"3\"><a href=\"https:\/\/kkossowski.pl\/wp-content\/uploads\/2025\/12\/20250822_005520-scaled.avif\" title=\"\"><img decoding=\"async\" width=\"400\" height=\"516\" src=\"https:\/\/kkossowski.pl\/wp-content\/uploads\/2025\/12\/20250822_005520-400x516.avif\" alt=\"\" class=\"wp-image-695\" srcset=\"https:\/\/kkossowski.pl\/wp-content\/uploads\/2025\/12\/20250822_005520-scaled.avif 479w, https:\/\/kkossowski.pl\/wp-content\/uploads\/2025\/12\/20250822_005520-400x516.avif 480w\" sizes=\"(max-width:479px) 479px, 100vw\" \/><span class=\"et_overlay\" data-icon=\"\" data-icon-tablet=\"\" data-icon-phone=\"\"><\/span><\/a><\/div><\/div><div class=\"et_pb_gallery_item et_pb_grid_item et_pb_gallery_item_0_6\"><div class=\"et_pb_gallery_image portrait\" data-per_page=\"3\"><a href=\"https:\/\/kkossowski.pl\/wp-content\/uploads\/2025\/12\/20250824_213228-scaled.avif\" title=\"\"><img decoding=\"async\" width=\"400\" height=\"516\" src=\"https:\/\/kkossowski.pl\/wp-content\/uploads\/2025\/12\/20250824_213228-400x516.avif\" alt=\"\" class=\"wp-image-694\" srcset=\"https:\/\/kkossowski.pl\/wp-content\/uploads\/2025\/12\/20250824_213228-scaled.avif 479w, https:\/\/kkossowski.pl\/wp-content\/uploads\/2025\/12\/20250824_213228-400x516.avif 480w\" sizes=\"(max-width:479px) 479px, 100vw\" \/><span class=\"et_overlay\" data-icon=\"\" data-icon-tablet=\"\" data-icon-phone=\"\"><\/span><\/a><\/div><\/div><div class=\"et_pb_gallery_item et_pb_grid_item et_pb_gallery_item_0_7\"><div class=\"et_pb_gallery_image portrait\" data-per_page=\"3\"><a href=\"https:\/\/kkossowski.pl\/wp-content\/uploads\/2025\/12\/20250920_022259-scaled.avif\" title=\"\"><img decoding=\"async\" width=\"400\" height=\"516\" src=\"https:\/\/kkossowski.pl\/wp-content\/uploads\/2025\/12\/20250920_022259-400x516.avif\" alt=\"\" class=\"wp-image-693\" srcset=\"https:\/\/kkossowski.pl\/wp-content\/uploads\/2025\/12\/20250920_022259-scaled.avif 479w, https:\/\/kkossowski.pl\/wp-content\/uploads\/2025\/12\/20250920_022259-400x516.avif 480w\" sizes=\"(max-width:479px) 479px, 100vw\" \/><span class=\"et_overlay\" data-icon=\"\" data-icon-tablet=\"\" data-icon-phone=\"\"><\/span><\/a><\/div><\/div><div class=\"et_pb_gallery_item et_pb_grid_item et_pb_gallery_item_0_8\"><div class=\"et_pb_gallery_image portrait\" data-per_page=\"3\"><a href=\"https:\/\/kkossowski.pl\/wp-content\/uploads\/2025\/12\/20250928_183459-scaled.avif\" title=\"\"><img decoding=\"async\" width=\"400\" height=\"516\" src=\"https:\/\/kkossowski.pl\/wp-content\/uploads\/2025\/12\/20250928_183459-400x516.avif\" alt=\"\" class=\"wp-image-692\" srcset=\"https:\/\/kkossowski.pl\/wp-content\/uploads\/2025\/12\/20250928_183459-scaled.avif 479w, https:\/\/kkossowski.pl\/wp-content\/uploads\/2025\/12\/20250928_183459-400x516.avif 480w\" sizes=\"(max-width:479px) 479px, 100vw\" \/><span class=\"et_overlay\" data-icon=\"\" data-icon-tablet=\"\" data-icon-phone=\"\"><\/span><\/a><\/div><\/div><\/div><\/div>\n<\/div>\n<\/div>\n\n<div class=\"et_pb_row_6 et_pb_row et_flex_row preset--module--divi-row--default\">\n<div class=\"et_pb_column_7 et_pb_column et-last-child et_flex_column et_pb_css_mix_blend_mode_passthrough et_animated et_flex_column_8_24 et_flex_column_8_24_tablet et_flex_column_24_24_phone et_flex_column_8_24_widescreen\">\n<div class=\"et_pb_text_9 et_pb_text et_pb_bg_layout_dark et_pb_module et_flex_module preset--module--divi-text--default\"><div class=\"et_pb_text_inner\"><p>Adobe Lightroom<\/p>\n<\/div><\/div>\n<\/div>\n<\/div>\n<\/div>\n\n<div class=\"et_pb_section_4 et_pb_section et_section_regular et_flex_section\" id=\"print\">\n<div class=\"et_pb_row_7 et_pb_row et_flex_row preset--module--divi-row--default\">\n<div class=\"et_pb_column_8 et_pb_column et-last-child et_flex_column et_pb_css_mix_blend_mode_passthrough et_flex_column_24_24 et_flex_column_24_24_tablet et_flex_column_24_24_phone et_flex_column_24_24_widescreen\">\n<div class=\"et_pb_text_10 et_pb_text et_pb_bg_layout_light et_animated et_pb_module et_flex_module preset--module--divi-text--default\"><div class=\"et_pb_text_inner\" data-et-mv-hidden-phone=\"true\"><h1>Druk<\/h1>\n<\/div><\/div>\n\n<div class=\"et_pb_image_1 et_pb_image et_pb_module et_flex_module\"><a href=\"https:\/\/kkossowski.pl\/wp-content\/uploads\/2025\/12\/Coffee_Mug_Mockup_4-scaled.avif\" class=\"et_pb_lightbox_image\"><span class=\"et_pb_image_wrap\"><img decoding=\"async\" src=\"https:\/\/kkossowski.pl\/wp-content\/uploads\/2025\/12\/Coffee_Mug_Mockup_4-scaled.avif\" width=\"4000\" height=\"3000\" sizes=\"(max-width: 4000px) 100vw, 4000px\" class=\"wp-image-723\" \/><\/span><\/a><\/div>\n\n<div class=\"et_pb_image_2 et_pb_image et_pb_module et_flex_module\"><a href=\"https:\/\/kkossowski.pl\/wp-content\/uploads\/2025\/12\/yuka.avif\" class=\"et_pb_lightbox_image\"><span class=\"et_pb_image_wrap\"><img decoding=\"async\" src=\"https:\/\/kkossowski.pl\/wp-content\/uploads\/2025\/12\/yuka.avif\" width=\"2244\" height=\"1063\" sizes=\"(max-width: 2244px) 100vw, 2244px\" class=\"wp-image-724\" \/><\/span><\/a><\/div>\n<\/div>\n<\/div>\n\n<div class=\"et_pb_row_8 et_pb_row et_flex_row preset--module--divi-row--default\">\n<div class=\"et_pb_column_9 et_pb_column et-last-child et_flex_column et_pb_css_mix_blend_mode_passthrough et_animated et_flex_column_8_24 et_flex_column_8_24_tablet et_flex_column_24_24_phone et_flex_column_8_24_widescreen\">\n<div class=\"et_pb_text_11 et_pb_text et_pb_bg_layout_dark et_pb_module et_flex_module preset--module--divi-text--default\"><div class=\"et_pb_text_inner\"><p>Pakiet Affinity V2<\/p>\n<\/div><\/div>\n<\/div>\n<\/div>\n<\/div>","protected":false},"excerpt":{"rendered":"","protected":false},"author":1,"featured_media":0,"parent":0,"menu_order":0,"comment_status":"closed","ping_status":"closed","template":"","meta":{"inline_featured_image":false,"iawp_total_views":8,"footnotes":""},"class_list":["post-668","page","type-page","status-publish","hentry"],"_links":{"self":[{"href":"https:\/\/kkossowski.pl\/pl\/wp-json\/wp\/v2\/pages\/668","targetHints":{"allow":["GET"]}}],"collection":[{"href":"https:\/\/kkossowski.pl\/pl\/wp-json\/wp\/v2\/pages"}],"about":[{"href":"https:\/\/kkossowski.pl\/pl\/wp-json\/wp\/v2\/types\/page"}],"author":[{"embeddable":true,"href":"https:\/\/kkossowski.pl\/pl\/wp-json\/wp\/v2\/users\/1"}],"replies":[{"embeddable":true,"href":"https:\/\/kkossowski.pl\/pl\/wp-json\/wp\/v2\/comments?post=668"}],"version-history":[{"count":49,"href":"https:\/\/kkossowski.pl\/pl\/wp-json\/wp\/v2\/pages\/668\/revisions"}],"predecessor-version":[{"id":885,"href":"https:\/\/kkossowski.pl\/pl\/wp-json\/wp\/v2\/pages\/668\/revisions\/885"}],"wp:attachment":[{"href":"https:\/\/kkossowski.pl\/pl\/wp-json\/wp\/v2\/media?parent=668"}],"curies":[{"name":"wp","href":"https:\/\/api.w.org\/{rel}","templated":true}]}}