{"id":600,"date":"2025-11-18T20:39:02","date_gmt":"2025-11-18T20:39:02","guid":{"rendered":"https:\/\/kkossowski.pl\/?page_id=600"},"modified":"2025-11-18T20:39:02","modified_gmt":"2025-11-18T20:39:02","slug":"regulamin-strony","status":"publish","type":"page","link":"https:\/\/kkossowski.pl\/pl\/regulamin-strony\/","title":{"rendered":"Regulamin strony"},"content":{"rendered":"<div class=\"et_pb_section_0 et_pb_section et_section_regular et_flex_section\">\n<div class=\"et_pb_row_0 et_pb_row et_flex_row preset--module--divi-row--default\">\n<div class=\"et_pb_column_0 et_pb_column et-last-child et_flex_column et_pb_css_mix_blend_mode_passthrough et_flex_column_24_24 et_flex_column_24_24_tablet et_flex_column_24_24_phone et_flex_column_24_24_widescreen\">\n<div class=\"et_pb_text_0 et_pb_text et_pb_bg_layout_light et_pb_module et_flex_module preset--module--divi-text--default\"><div class=\"et_pb_text_inner\"><h3>REGULAMIN STRONY INTERNETOWEJ<\/h3>\n<p>Ostatnia aktualizacja: 18 listopada 2025<\/p>\n<h3>\u00a7 1. Postanowienia og\u00f3lne<\/h3>\n<p>Niniejszy regulamin okre\u015bla zasady korzystania ze strony internetowej kkossowski.pl (zwanej dalej \"Stron\u0105\").\u200b<\/p>\n<p>W\u0142a\u015bcicielem i administratorem Strony jest Kacper Kossowski, email: kacper.kossowski@outlook.com.\u200b<\/p>\n<p>Strona ma charakter portfolio i wizyt\u00f3wki internetowej prezentuj\u0105cej ofert\u0119 us\u0142ug graficznych i webowych.\u200b<\/p>\n<h3>\u00a7 2. Warunki korzystania<\/h3>\n<p>Korzystanie ze Strony jest bezp\u0142atne i dobrowolne.\u200b<\/p>\n<p>U\u017cytkownik zobowi\u0105zuje si\u0119 do korzystania ze Strony w spos\u00f3b zgodny z prawem, dobrymi obyczajami oraz zasadami wsp\u00f3\u0142\u017cycia spo\u0142ecznego.\u200b<\/p>\n<p>Zabronione jest dostarczanie tre\u015bci o charakterze bezprawnym oraz podejmowanie dzia\u0142a\u0144 mog\u0105cych zak\u0142\u00f3ci\u0107 funkcjonowanie Strony.\u200b<\/p>\n<h3>\u00a7 3. Formularz kontaktowy<\/h3>\n<p>Strona umo\u017cliwia kontakt za pomoc\u0105 formularza kontaktowego.\u200b<\/p>\n<p>Przes\u0142anie wiadomo\u015bci wymaga podania imienia, adresu email, tematu i tre\u015bci wiadomo\u015bci.\u200b<\/p>\n<p>Formularz s\u0142u\u017cy wy\u0142\u0105cznie do przesy\u0142ania zapyta\u0144 dotycz\u0105cych oferty i wsp\u00f3\u0142pracy.\u200b<\/p>\n<p>U\u017cytkownik jest zobowi\u0105zany do podania prawdziwych danych.\u200b<\/p>\n<h3>\u00a7 4. Prawa autorskie<\/h3>\n<p>Wszystkie tre\u015bci zamieszczone na Stronie, w tym grafiki, zdj\u0119cia, projekty i teksty, s\u0105 chronione prawem autorskim i stanowi\u0105 w\u0142asno\u015b\u0107 Kacpra Kossowskiego.\u200b<\/p>\n<p>Kopiowanie, rozpowszechnianie lub inne wykorzystywanie materia\u0142\u00f3w ze Strony bez zgody w\u0142a\u015bciciela jest zabronione.\u200b<\/p>\n<h3>\u00a7 5. Wy\u0142\u0105czenie odpowiedzialno\u015bci<\/h3>\n<p>Administrator dok\u0142ada wszelkich stara\u0144, aby informacje zawarte na Stronie by\u0142y aktualne i prawid\u0142owe, jednak nie ponosi odpowiedzialno\u015bci za ewentualne b\u0142\u0119dy.\u200b<\/p>\n<p>Administrator nie ponosi odpowiedzialno\u015bci za przerwy w dost\u0119pno\u015bci Strony wynikaj\u0105ce z przyczyn technicznych lub si\u0142y wy\u017cszej.\u200b<\/p>\n<h3>\u00a7 6. Ochrona danych osobowych<\/h3>\n<p>Zasady przetwarzania danych osobowych okre\u015bla Polityka Prywatno\u015bci.\u200b<\/p>\n<h3>\u00a7 7. Postanowienia ko\u0144cowe<\/h3>\n<p>Administrator zastrzega sobie prawo do zmiany regulaminu. Zmiany wchodz\u0105 w \u017cycie z chwil\u0105 opublikowania na Stronie.\u200b<\/p>\n<p>W sprawach nieuregulowanych niniejszym regulaminem zastosowanie maj\u0105 przepisy prawa<\/p>\n<\/div><\/div>\n<\/div>\n<\/div>\n<\/div>","protected":false},"excerpt":{"rendered":"","protected":false},"author":1,"featured_media":0,"parent":0,"menu_order":0,"comment_status":"closed","ping_status":"closed","template":"","meta":{"inline_featured_image":false,"iawp_total_views":1,"footnotes":""},"class_list":["post-600","page","type-page","status-publish","hentry"],"_links":{"self":[{"href":"https:\/\/kkossowski.pl\/pl\/wp-json\/wp\/v2\/pages\/600","targetHints":{"allow":["GET"]}}],"collection":[{"href":"https:\/\/kkossowski.pl\/pl\/wp-json\/wp\/v2\/pages"}],"about":[{"href":"https:\/\/kkossowski.pl\/pl\/wp-json\/wp\/v2\/types\/page"}],"author":[{"embeddable":true,"href":"https:\/\/kkossowski.pl\/pl\/wp-json\/wp\/v2\/users\/1"}],"replies":[{"embeddable":true,"href":"https:\/\/kkossowski.pl\/pl\/wp-json\/wp\/v2\/comments?post=600"}],"version-history":[{"count":2,"href":"https:\/\/kkossowski.pl\/pl\/wp-json\/wp\/v2\/pages\/600\/revisions"}],"predecessor-version":[{"id":603,"href":"https:\/\/kkossowski.pl\/pl\/wp-json\/wp\/v2\/pages\/600\/revisions\/603"}],"wp:attachment":[{"href":"https:\/\/kkossowski.pl\/pl\/wp-json\/wp\/v2\/media?parent=600"}],"curies":[{"name":"wp","href":"https:\/\/api.w.org\/{rel}","templated":true}]}}