{"id":394,"date":"2025-11-10T23:45:18","date_gmt":"2025-11-10T23:45:18","guid":{"rendered":"https:\/\/kkossowski.pl\/?page_id=394"},"modified":"2025-12-10T21:28:48","modified_gmt":"2025-12-10T21:28:48","slug":"medical-smart-integrator","status":"publish","type":"page","link":"https:\/\/kkossowski.pl\/pl\/medical-smart-integrator\/","title":{"rendered":"Medical Smart Integrator"},"content":{"rendered":"<div class=\"et_pb_section_0 et_pb_section et_section_regular et_flex_section\">\n<div class=\"et_pb_row_0 et_pb_row et_flex_row preset--module--divi-row--default\">\n<div class=\"et_pb_column_0 et_pb_column et_flex_column et_pb_css_mix_blend_mode_passthrough et_animated et_flex_column_12_24 et_flex_column_12_24_tablet et_flex_column_24_24_phone et_flex_column_12_24_widescreen\">\n<div class=\"et_pb_image_0 et_pb_image et_pb_image_sticky et_pb_module et_flex_module\"><span class=\"et_pb_image_wrap\"><img decoding=\"async\" src=\"https:\/\/kkossowski.pl\/wp-content\/uploads\/2025\/11\/Asset-2.svg\" width=\"0\" height=\"0\" srcset=\"https:\/\/kkossowski.pl\/wp-content\/uploads\/2025\/11\/Asset-2.svg 0w\" class=\"wp-image-408\" \/><\/span><\/div>\n<\/div>\n\n<div class=\"et_pb_column_1 et_pb_column et-last-child et_flex_column et_pb_css_mix_blend_mode_passthrough et_animated et_flex_column_12_24 et_flex_column_12_24_tablet et_flex_column_24_24_phone et_flex_column_12_24_widescreen\">\n<div class=\"et_pb_text_0 et_pb_text et_pb_bg_layout_dark et_pb_module et_flex_module preset--module--divi-text--default\"><div class=\"et_pb_text_inner\"><h1>Opis<\/h1>\n<\/div><\/div>\n\n<div class=\"et_pb_text_1 et_pb_text et_pb_bg_layout_dark et_pb_module et_flex_module preset--module--divi-text--default\"><div class=\"et_pb_text_inner\"><p>Kompleksowy projekt identyfikacji wizualnej i&nbsp;strony internetowej dla&nbsp;Medical Smart Integrator \u2013 firmy specjalizuj\u0105cej si\u0119&nbsp;w&nbsp;<strong>dostawie sprz\u0119tu medycznego oraz serwisie urz\u0105dze\u0144 dla&nbsp;plac\u00f3wek s\u0142u\u017cby zdrowia.<\/strong> Medical Smart Integrator dzia\u0142a jako po\u015brednik mi\u0119dzy producentami sprz\u0119tu medycznego a&nbsp;plac\u00f3wkami zdrowotnymi, zapewniaj\u0105c kompleksow\u0105 obs\u0142ug\u0119 \u2013 od&nbsp;dostawy przez instalacj\u0119 po&nbsp;serwis i&nbsp;konserwacj\u0119.<\/p>\n<\/div><\/div>\n<\/div>\n<\/div>\n<\/div>\n\n<div class=\"et_pb_section_1 et_pb_section et_section_regular et_flex_section\">\n<div class=\"et_pb_row_1 et_pb_row et_flex_row preset--module--divi-row--default\">\n<div class=\"et_pb_column_2 et_pb_column et-last-child et_flex_column et_pb_css_mix_blend_mode_passthrough et_flex_column_24_24 et_flex_column_24_24_tablet et_flex_column_24_24_phone et_flex_column_24_24_widescreen\">\n<div class=\"et_pb_text_2 et_pb_text et_pb_bg_layout_light et_animated et_pb_module et_flex_module preset--module--divi-text--default\"><div class=\"et_pb_text_inner\" data-et-mv-hidden-phone=\"true\"><h1>Projekt Logo<\/h1>\n<\/div><\/div>\n\n<div class=\"et_pb_gallery_0 et_pb_gallery et_pb_bg_layout_light et_pb_slider et_pb_gallery_fullwidth clearfix et_pb_module\" data-auto-rotate=\"off\" data-auto-rotate-speed=\"\"><div class=\"et_pb_gallery_items et_post_gallery clearfix\" data-per_page=\"1\"><div class=\"et_pb_gallery_item et_pb_gallery_item_0_0\"><div class=\"et_pb_gallery_image landscape\" data-per_page=\"1\"><a href=\"https:\/\/kkossowski.pl\/wp-content\/uploads\/2025\/11\/medical-smart-integrator-brandbook_1-scaled.avif\" title=\"\"><img decoding=\"async\" src=\"https:\/\/kkossowski.pl\/wp-content\/uploads\/2025\/11\/medical-smart-integrator-brandbook_1-scaled.avif\" alt=\"\" class=\"wp-image-397\" \/><span class=\"et_overlay\" data-icon=\"\" data-icon-tablet=\"\" data-icon-phone=\"\"><\/span><\/a><\/div><\/div><div class=\"et_pb_gallery_item et_pb_gallery_item_0_1\"><div class=\"et_pb_gallery_image landscape\" data-per_page=\"1\"><a href=\"https:\/\/kkossowski.pl\/wp-content\/uploads\/2025\/11\/medical-smart-integrator-brandbook_2-scaled.avif\" title=\"\"><img decoding=\"async\" src=\"https:\/\/kkossowski.pl\/wp-content\/uploads\/2025\/11\/medical-smart-integrator-brandbook_2-scaled.avif\" alt=\"\" class=\"wp-image-398\" \/><span class=\"et_overlay\" data-icon=\"\" data-icon-tablet=\"\" data-icon-phone=\"\"><\/span><\/a><\/div><\/div><div class=\"et_pb_gallery_item et_pb_gallery_item_0_2\"><div class=\"et_pb_gallery_image landscape\" data-per_page=\"1\"><a href=\"https:\/\/kkossowski.pl\/wp-content\/uploads\/2025\/11\/medical-smart-integrator-brandbook_3-scaled.avif\" title=\"\"><img decoding=\"async\" src=\"https:\/\/kkossowski.pl\/wp-content\/uploads\/2025\/11\/medical-smart-integrator-brandbook_3-scaled.avif\" alt=\"\" class=\"wp-image-399\" \/><span class=\"et_overlay\" data-icon=\"\" data-icon-tablet=\"\" data-icon-phone=\"\"><\/span><\/a><\/div><\/div><div class=\"et_pb_gallery_item et_pb_gallery_item_0_3\"><div class=\"et_pb_gallery_image landscape\" data-per_page=\"1\"><a href=\"https:\/\/kkossowski.pl\/wp-content\/uploads\/2025\/11\/medical-smart-integrator-brandbook_4-scaled.avif\" title=\"\"><img decoding=\"async\" src=\"https:\/\/kkossowski.pl\/wp-content\/uploads\/2025\/11\/medical-smart-integrator-brandbook_4-scaled.avif\" alt=\"\" class=\"wp-image-400\" \/><span class=\"et_overlay\" data-icon=\"\" data-icon-tablet=\"\" data-icon-phone=\"\"><\/span><\/a><\/div><\/div><\/div><\/div>\n<\/div>\n<\/div>\n<\/div>\n\n<div class=\"et_pb_section_2 et_pb_section et_section_regular et_flex_section\">\n<div class=\"et_pb_row_2 et_pb_row et_flex_row preset--module--divi-row--default\">\n<div class=\"et_pb_column_3 et_pb_column et-last-child et_flex_column et_pb_css_mix_blend_mode_passthrough et_flex_column_24_24 et_flex_column_24_24_tablet et_flex_column_24_24_phone et_flex_column_24_24_widescreen\">\n<div class=\"et_pb_text_3 et_pb_text et_pb_bg_layout_light et_animated et_pb_module et_flex_module preset--module--divi-text--default\"><div class=\"et_pb_text_inner\" data-et-mv-hidden-phone=\"true\"><h1>Strona i&nbsp;Identyfikacja<\/h1>\n<\/div><\/div>\n<\/div>\n<\/div>\n\n<div class=\"et_pb_row_3 et_pb_row et_flex_row preset--module--divi-row--default\">\n<div class=\"et_pb_column_4 et_pb_column et_flex_column et_pb_css_mix_blend_mode_passthrough et_flex_column_12_24 et_flex_column_12_24_tablet et_flex_column_24_24_phone et_flex_column_12_24_widescreen\">\n<div class=\"et_pb_image_1 et_pb_image et_pb_module et_flex_module\"><a href=\"https:\/\/kkossowski.pl\/wp-content\/uploads\/2025\/11\/medicalsmartintegrator.pl_-scaled.avif\" class=\"et_pb_lightbox_image\"><span class=\"et_pb_image_wrap\"><img decoding=\"async\" src=\"https:\/\/kkossowski.pl\/wp-content\/uploads\/2025\/11\/medicalsmartintegrator.pl_-scaled.avif\" width=\"1485\" height=\"4213\" sizes=\"(max-width: 1485px) 100vw, 1485px\" class=\"wp-image-401\" \/><\/span><\/a><\/div>\n<\/div>\n\n<div class=\"et_pb_column_5 et_pb_column et-last-child et_flex_column et_pb_css_mix_blend_mode_passthrough et_flex_column_12_24 et_flex_column_12_24_tablet et_flex_column_24_24_phone et_flex_column_12_24_widescreen\">\n<div class=\"et_pb_image_2 et_pb_image et_pb_module et_flex_module\" title=\"Wizyt\u00f3wka firmowa\"><a href=\"https:\/\/kkossowski.pl\/wp-content\/uploads\/2025\/11\/medical-smart-integrator-wizytowka.avif\" class=\"et_pb_lightbox_image\"><span class=\"et_pb_image_wrap\"><img decoding=\"async\" src=\"https:\/\/kkossowski.pl\/wp-content\/uploads\/2025\/11\/medical-smart-integrator-wizytowka.avif\" width=\"1063\" height=\"591\" sizes=\"(max-width: 1063px) 100vw, 1063px\" class=\"wp-image-404\" \/><\/span><\/a><\/div>\n\n<div class=\"et_pb_image_3 et_pb_image et_pb_module et_flex_module\" title=\"Wizyt\u00f3wka imienna\"><a href=\"https:\/\/kkossowski.pl\/wp-content\/uploads\/2025\/11\/medical-smart-integrator-wizytowka1.avif\" class=\"et_pb_lightbox_image\"><span class=\"et_pb_image_wrap\"><img decoding=\"async\" src=\"https:\/\/kkossowski.pl\/wp-content\/uploads\/2025\/11\/medical-smart-integrator-wizytowka1.avif\" width=\"1063\" height=\"591\" sizes=\"(max-width: 1063px) 100vw, 1063px\" class=\"wp-image-407\" \/><\/span><\/a><\/div>\n\n<div class=\"et_pb_image_4 et_pb_image et_pb_module et_flex_module\" title=\"Wizyt\u00f3wka awers\"><a href=\"https:\/\/kkossowski.pl\/wp-content\/uploads\/2025\/11\/medical-smart-integrator-wizytowka2.avif\" class=\"et_pb_lightbox_image\"><span class=\"et_pb_image_wrap\"><img decoding=\"async\" src=\"https:\/\/kkossowski.pl\/wp-content\/uploads\/2025\/11\/medical-smart-integrator-wizytowka2.avif\" width=\"1063\" height=\"591\" sizes=\"(max-width: 1063px) 100vw, 1063px\" class=\"wp-image-406\" \/><\/span><\/a><\/div>\n<\/div>\n<\/div>\n\n<div class=\"et_pb_row_4 et_pb_row et_flex_row preset--module--divi-row--default\">\n<div class=\"et_pb_column_6 et_pb_column et-last-child et_flex_column et_pb_css_mix_blend_mode_passthrough et_flex_column_24_24 et_flex_column_24_24_tablet et_flex_column_24_24_phone et_flex_column_24_24_widescreen\">\n<div class=\"et_pb_text_4 et_pb_text et_pb_bg_layout_light et_pb_module et_flex_module preset--module--divi-text--default\"><div class=\"et_pb_text_inner\"><p>Medical Smart Integrator potrzebowa\u0142 profesjonalnej identyfikacji wizualnej i&nbsp;strony internetowej, kt\u00f3re skutecznie komunikowa\u0142yby ich&nbsp;rol\u0119 jako wiarygodnego po\u015brednika w&nbsp;dostawie i&nbsp;serwisie sprz\u0119tu medycznego. Marka musia\u0142a budowa\u0107 zaufanie w\u015br\u00f3d plac\u00f3wek medycznych, przedstawiaj\u0105c ofert\u0119 dystrybucyjn\u0105 i&nbsp;serwisow\u0105 w&nbsp;przyst\u0119pny, prosty spos\u00f3b.<\/p>\n<\/div><\/div>\n<\/div>\n<\/div>\n<\/div>\n\n<div class=\"et_pb_section_3 et_pb_section et_section_regular et_flex_section\">\n<div class=\"et_pb_row_5 et_pb_row et_flex_row preset--module--divi-row--default\">\n<div class=\"et_pb_column_7 et_pb_column et-last-child et_flex_column et_pb_css_mix_blend_mode_passthrough et_flex_column_24_24 et_flex_column_24_24_tablet et_flex_column_24_24_phone et_flex_column_24_24_widescreen\">\n<div class=\"et_pb_text_5 et_pb_text et_pb_bg_layout_light et_animated et_pb_module et_flex_module preset--module--divi-text--default\"><div class=\"et_pb_text_inner\" data-et-mv-hidden-phone=\"true\"><h1>Technologie<\/h1>\n<\/div><\/div>\n<\/div>\n<\/div>\n\n<div class=\"et_pb_row_6 et_pb_row et_flex_row preset--module--divi-row--default\">\n<div class=\"et_pb_column_8 et_pb_column et_flex_column et_pb_css_mix_blend_mode_passthrough et_animated et_flex_column_8_24 et_flex_column_8_24_tablet et_flex_column_24_24_phone et_flex_column_8_24_widescreen\">\n<div class=\"et_pb_text_6 et_pb_text et_pb_bg_layout_dark et_pb_module et_flex_module preset--module--divi-text--default\"><div class=\"et_pb_text_inner\"><p>Figma<\/p>\n<\/div><\/div>\n<\/div>\n\n<div class=\"et_pb_column_9 et_pb_column et_flex_column et_pb_css_mix_blend_mode_passthrough et_animated et_flex_column_8_24 et_flex_column_8_24_tablet et_flex_column_24_24_phone et_flex_column_8_24_widescreen\">\n<div class=\"et_pb_text_7 et_pb_text et_pb_bg_layout_dark et_pb_module et_flex_module preset--module--divi-text--default\"><div class=\"et_pb_text_inner\"><p>Pakiet Affinity V2<\/p>\n<\/div><\/div>\n<\/div>\n\n<div class=\"et_pb_column_10 et_pb_column et-last-child et_flex_column et_pb_css_mix_blend_mode_passthrough et_animated et_flex_column_8_24 et_flex_column_8_24_tablet et_flex_column_24_24_phone et_flex_column_8_24_widescreen\">\n<div class=\"et_pb_text_8 et_pb_text et_pb_bg_layout_dark et_pb_module et_flex_module preset--module--divi-text--default\"><div class=\"et_pb_text_inner\"><p>WordPress + Divi<\/p>\n<\/div><\/div>\n<\/div>\n<\/div>\n<\/div>","protected":false},"excerpt":{"rendered":"","protected":false},"author":1,"featured_media":0,"parent":0,"menu_order":0,"comment_status":"closed","ping_status":"closed","template":"","meta":{"inline_featured_image":false,"iawp_total_views":15,"footnotes":""},"class_list":["post-394","page","type-page","status-publish","hentry"],"_links":{"self":[{"href":"https:\/\/kkossowski.pl\/pl\/wp-json\/wp\/v2\/pages\/394","targetHints":{"allow":["GET"]}}],"collection":[{"href":"https:\/\/kkossowski.pl\/pl\/wp-json\/wp\/v2\/pages"}],"about":[{"href":"https:\/\/kkossowski.pl\/pl\/wp-json\/wp\/v2\/types\/page"}],"author":[{"embeddable":true,"href":"https:\/\/kkossowski.pl\/pl\/wp-json\/wp\/v2\/users\/1"}],"replies":[{"embeddable":true,"href":"https:\/\/kkossowski.pl\/pl\/wp-json\/wp\/v2\/comments?post=394"}],"version-history":[{"count":11,"href":"https:\/\/kkossowski.pl\/pl\/wp-json\/wp\/v2\/pages\/394\/revisions"}],"predecessor-version":[{"id":731,"href":"https:\/\/kkossowski.pl\/pl\/wp-json\/wp\/v2\/pages\/394\/revisions\/731"}],"wp:attachment":[{"href":"https:\/\/kkossowski.pl\/pl\/wp-json\/wp\/v2\/media?parent=394"}],"curies":[{"name":"wp","href":"https:\/\/api.w.org\/{rel}","templated":true}]}}