{"id":354,"date":"2025-11-08T18:47:19","date_gmt":"2025-11-08T18:47:19","guid":{"rendered":"https:\/\/kkossowski.pl\/?page_id=354"},"modified":"2025-12-09T13:12:34","modified_gmt":"2025-12-09T13:12:34","slug":"brand-republic","status":"publish","type":"page","link":"https:\/\/kkossowski.pl\/pl\/brand-republic\/","title":{"rendered":"Brand Republic"},"content":{"rendered":"<div class=\"et_pb_section_0 et_pb_section et_section_regular et_flex_section\">\n<div class=\"et_pb_row_0 et_pb_row et_flex_row preset--module--divi-row--default\">\n<div class=\"et_pb_column_0 et_pb_column et_flex_column et_pb_css_mix_blend_mode_passthrough et_animated et_flex_column_12_24 et_flex_column_12_24_tablet et_flex_column_24_24_phone et_flex_column_12_24_widescreen\">\n<div class=\"et_pb_image_0 et_pb_image et_pb_image_sticky et_pb_module et_flex_module\"><span class=\"et_pb_image_wrap\"><img decoding=\"async\" src=\"https:\/\/kkossowski.pl\/wp-content\/uploads\/2025\/11\/slice2321.svg\" width=\"100\" height=\"100\" srcset=\"https:\/\/kkossowski.pl\/wp-content\/uploads\/2025\/11\/slice2321.svg 100w\" sizes=\"(min-width: 0px) and (max-width: 0px) 0px, (min-width: 1px) 100px, 100vw\" class=\"wp-image-362\" \/><\/span><\/div>\n<\/div>\n\n<div class=\"et_pb_column_1 et_pb_column et-last-child et_flex_column et_pb_css_mix_blend_mode_passthrough et_animated et_flex_column_12_24 et_flex_column_12_24_tablet et_flex_column_24_24_phone et_flex_column_12_24_widescreen\">\n<div class=\"et_pb_text_0 et_pb_text et_pb_bg_layout_dark et_pb_module et_flex_module preset--module--divi-text--default\"><div class=\"et_pb_text_inner\"><h1>Opis<\/h1>\n<\/div><\/div>\n\n<div class=\"et_pb_text_1 et_pb_text et_pb_bg_layout_dark et_pb_module et_flex_module preset--module--divi-text--default\"><div class=\"et_pb_text_inner\"><p>Stworzenie na&nbsp;nowo strony internetowej. Odpowiada\u0142em za&nbsp;projekt graficzny oraz wdro\u017cenie gotowej witryny. Celem by\u0142o od\u015bwie\u017cenie wizerunku marki, poprawa architektury informacji i&nbsp;zwi\u0119kszenie przejrzysto\u015bci oferty agencji, przy zachowaniu rozpoznawalnych element\u00f3w to\u017csamo\u015bci wizualnej klienta (logo).<\/p>\n<\/div><\/div>\n<\/div>\n<\/div>\n<\/div>\n\n<div class=\"et_pb_section_1 et_pb_section et_section_regular et_flex_section\">\n<div class=\"et_pb_row_1 et_pb_row et_flex_row preset--module--divi-row--default\">\n<div class=\"et_pb_column_2 et_pb_column et-last-child et_flex_column et_pb_css_mix_blend_mode_passthrough et_flex_column_24_24 et_flex_column_24_24_tablet et_flex_column_24_24_phone et_flex_column_24_24_widescreen\">\n<div class=\"et_pb_text_2 et_pb_text et_pb_bg_layout_light et_animated et_pb_module et_flex_module preset--module--divi-text--default\"><div class=\"et_pb_text_inner\" data-et-mv-hidden-phone=\"true\"><h1>Strona i&nbsp;Identyfikacja<\/h1>\n<\/div><\/div>\n<\/div>\n<\/div>\n\n<div class=\"et_pb_row_2 et_pb_row et_flex_row preset--module--divi-row--default\">\n<div class=\"et_pb_column_3 et_pb_column et_flex_column et_pb_css_mix_blend_mode_passthrough et_flex_column_24_24 et_flex_column_24_24_tablet et_flex_column_24_24_phone et_flex_column_24_24_widescreen\">\n<div class=\"et_pb_image_1 et_pb_image et_pb_module et_flex_module\"><a href=\"https:\/\/kkossowski.pl\/wp-content\/uploads\/2025\/11\/brandrepublic.pl_-scaled.avif\" class=\"et_pb_lightbox_image\"><span class=\"et_pb_image_wrap\"><img decoding=\"async\" src=\"https:\/\/kkossowski.pl\/wp-content\/uploads\/2025\/11\/brandrepublic.pl_-scaled.avif\" width=\"1485\" height=\"5239\" sizes=\"(max-width: 1485px) 100vw, 1485px\" class=\"wp-image-346\" \/><\/span><\/a><\/div>\n\n<div class=\"et_pb_image_2 et_pb_image et_pb_module et_flex_module\"><a href=\"https:\/\/kkossowski.pl\/wp-content\/uploads\/2025\/11\/brandrepublic.pl_kontakt_.avif\" class=\"et_pb_lightbox_image\"><span class=\"et_pb_image_wrap\"><img decoding=\"async\" src=\"https:\/\/kkossowski.pl\/wp-content\/uploads\/2025\/11\/brandrepublic.pl_kontakt_.avif\" width=\"1485\" height=\"1840\" sizes=\"(max-width: 1485px) 100vw, 1485px\" class=\"wp-image-347\" \/><\/span><\/a><\/div>\n<\/div>\n\n<div class=\"et_pb_column_4 et_pb_column et-last-child et_flex_column et_pb_css_mix_blend_mode_passthrough et_flex_column_24_24 et_flex_column_24_24_tablet et_flex_column_24_24_phone et_flex_column_24_24_widescreen\">\n<div class=\"et_pb_image_3 et_pb_image et_pb_module et_flex_module\"><a href=\"https:\/\/kkossowski.pl\/wp-content\/uploads\/2025\/11\/brandrepublic.pl_realizacje_-scaled.avif\" class=\"et_pb_lightbox_image\"><span class=\"et_pb_image_wrap\"><img decoding=\"async\" src=\"https:\/\/kkossowski.pl\/wp-content\/uploads\/2025\/11\/brandrepublic.pl_realizacje_-scaled.avif\" width=\"1485\" height=\"4288\" sizes=\"(max-width: 1485px) 100vw, 1485px\" class=\"wp-image-349\" \/><\/span><\/a><\/div>\n\n<div class=\"et_pb_image_4 et_pb_image et_pb_module et_flex_module\"><a href=\"https:\/\/kkossowski.pl\/wp-content\/uploads\/2025\/11\/brandrepublic.pl_o-nas_-3-scaled.avif\" class=\"et_pb_lightbox_image\"><span class=\"et_pb_image_wrap\"><img decoding=\"async\" src=\"https:\/\/kkossowski.pl\/wp-content\/uploads\/2025\/11\/brandrepublic.pl_o-nas_-3-scaled.avif\" width=\"1485\" height=\"2905\" sizes=\"(max-width: 1485px) 100vw, 1485px\" class=\"wp-image-359\" \/><\/span><\/a><\/div>\n<\/div>\n<\/div>\n<\/div>\n\n<div class=\"et_pb_section_2 et_pb_section et_section_regular et_flex_section\">\n<div class=\"et_pb_row_3 et_pb_row et_flex_row preset--module--divi-row--default\">\n<div class=\"et_pb_column_5 et_pb_column et-last-child et_flex_column et_pb_css_mix_blend_mode_passthrough et_flex_column_24_24 et_flex_column_24_24_tablet et_flex_column_24_24_phone et_flex_column_24_24_widescreen\">\n<div class=\"et_pb_text_3 et_pb_text et_pb_bg_layout_light et_animated et_pb_module et_flex_module preset--module--divi-text--default\"><div class=\"et_pb_text_inner\" data-et-mv-hidden-phone=\"true\"><h1>Technologie<\/h1>\n<\/div><\/div>\n<\/div>\n<\/div>\n\n<div class=\"et_pb_row_4 et_pb_row et_flex_row preset--module--divi-row--default\">\n<div class=\"et_pb_column_6 et_pb_column et_flex_column et_pb_css_mix_blend_mode_passthrough et_animated et_flex_column_8_24 et_flex_column_8_24_tablet et_flex_column_24_24_phone et_flex_column_8_24_widescreen\">\n<div class=\"et_pb_text_4 et_pb_text et_pb_bg_layout_dark et_pb_module et_flex_module preset--module--divi-text--default\"><div class=\"et_pb_text_inner\"><p>Figma<\/p>\n<\/div><\/div>\n<\/div>\n\n<div class=\"et_pb_column_7 et_pb_column et_flex_column et_pb_css_mix_blend_mode_passthrough et_animated et_flex_column_8_24 et_flex_column_8_24_tablet et_flex_column_24_24_phone et_flex_column_8_24_widescreen\">\n<div class=\"et_pb_text_5 et_pb_text et_pb_bg_layout_dark et_pb_module et_flex_module preset--module--divi-text--default\"><div class=\"et_pb_text_inner\"><p>Pakiet Affinity V2<\/p>\n<\/div><\/div>\n<\/div>\n\n<div class=\"et_pb_column_8 et_pb_column et-last-child et_flex_column et_pb_css_mix_blend_mode_passthrough et_animated et_flex_column_8_24 et_flex_column_8_24_tablet et_flex_column_24_24_phone et_flex_column_8_24_widescreen\">\n<div class=\"et_pb_text_6 et_pb_text et_pb_bg_layout_dark et_pb_module et_flex_module preset--module--divi-text--default\"><div class=\"et_pb_text_inner\"><p>WordPress + Divi<\/p>\n<\/div><\/div>\n<\/div>\n<\/div>\n<\/div>","protected":false},"excerpt":{"rendered":"","protected":false},"author":1,"featured_media":0,"parent":0,"menu_order":0,"comment_status":"closed","ping_status":"closed","template":"","meta":{"inline_featured_image":false,"iawp_total_views":12,"footnotes":""},"class_list":["post-354","page","type-page","status-publish","hentry"],"_links":{"self":[{"href":"https:\/\/kkossowski.pl\/pl\/wp-json\/wp\/v2\/pages\/354","targetHints":{"allow":["GET"]}}],"collection":[{"href":"https:\/\/kkossowski.pl\/pl\/wp-json\/wp\/v2\/pages"}],"about":[{"href":"https:\/\/kkossowski.pl\/pl\/wp-json\/wp\/v2\/types\/page"}],"author":[{"embeddable":true,"href":"https:\/\/kkossowski.pl\/pl\/wp-json\/wp\/v2\/users\/1"}],"replies":[{"embeddable":true,"href":"https:\/\/kkossowski.pl\/pl\/wp-json\/wp\/v2\/comments?post=354"}],"version-history":[{"count":14,"href":"https:\/\/kkossowski.pl\/pl\/wp-json\/wp\/v2\/pages\/354\/revisions"}],"predecessor-version":[{"id":661,"href":"https:\/\/kkossowski.pl\/pl\/wp-json\/wp\/v2\/pages\/354\/revisions\/661"}],"wp:attachment":[{"href":"https:\/\/kkossowski.pl\/pl\/wp-json\/wp\/v2\/media?parent=354"}],"curies":[{"name":"wp","href":"https:\/\/api.w.org\/{rel}","templated":true}]}}