{"id":296,"date":"2025-11-05T15:32:33","date_gmt":"2025-11-05T15:32:33","guid":{"rendered":"https:\/\/kkossowski.pl\/?page_id=296"},"modified":"2026-01-04T21:15:50","modified_gmt":"2026-01-04T21:15:50","slug":"cyber-chads-2","status":"publish","type":"page","link":"https:\/\/kkossowski.pl\/pl\/cyber-chads-2\/","title":{"rendered":"Cyber Chads"},"content":{"rendered":"<div class=\"et_pb_section_0 et_pb_section et_section_regular et_flex_section\">\n<div class=\"et_pb_row_0 et_pb_row et_flex_row preset--module--divi-row--default\">\n<div class=\"et_pb_column_0 et_pb_column et_flex_column et_pb_css_mix_blend_mode_passthrough et_animated et_flex_column_12_24 et_flex_column_12_24_tablet et_flex_column_24_24_phone et_flex_column_12_24_widescreen\">\n<div class=\"et_pb_image_0 et_pb_image et_pb_image_sticky et_pb_module et_flex_module\"><span class=\"et_pb_image_wrap\"><img decoding=\"async\" src=\"https:\/\/kkossowski.pl\/wp-content\/uploads\/2025\/11\/cyber_chads_logo.svg\" width=\"100\" height=\"100\" srcset=\"https:\/\/kkossowski.pl\/wp-content\/uploads\/2025\/11\/cyber_chads_logo.svg 100w\" sizes=\"(min-width: 0px) and (max-width: 0px) 0px, (min-width: 1px) 100px, 100vw\" class=\"wp-image-309\" \/><\/span><\/div>\n<\/div>\n\n<div class=\"et_pb_column_1 et_pb_column et-last-child et_flex_column et_pb_css_mix_blend_mode_passthrough et_animated et_flex_column_12_24 et_flex_column_12_24_tablet et_flex_column_24_24_phone et_flex_column_12_24_widescreen\">\n<div class=\"et_pb_text_0 et_pb_text et_pb_bg_layout_dark et_pb_module et_flex_module preset--module--divi-text--default\"><div class=\"et_pb_text_inner\"><h1>Opis<\/h1>\n<\/div><\/div>\n\n<div class=\"et_pb_text_1 et_pb_text et_pb_bg_layout_dark et_pb_module et_flex_module preset--module--divi-text--default\"><div class=\"et_pb_text_inner\"><p>Projekt koncepcyjny pe\u0142nej identyfikacji wizualnej dla Cyber Chads \u2013 planowanej agencji web developmentu \u0142\u0105cz\u0105cej retro estetyk\u0119 lat 80. z nowoczesnym podej\u015bciem do tworzenia stron internetowych. Projekt brandingowy stanowi studium tworzenia sp\u00f3jnej, wyrazistej marki od podstaw.<\/p>\n<\/div><\/div>\n<\/div>\n<\/div>\n<\/div>\n\n<div class=\"et_pb_section_1 et_pb_section et_section_regular et_flex_section\">\n<div class=\"et_pb_row_1 et_pb_row et_flex_row preset--module--divi-row--default\">\n<div class=\"et_pb_column_2 et_pb_column et-last-child et_flex_column et_pb_css_mix_blend_mode_passthrough et_flex_column_24_24 et_flex_column_24_24_tablet et_flex_column_24_24_phone et_flex_column_24_24_widescreen\">\n<div class=\"et_pb_text_2 et_pb_text et_pb_bg_layout_light et_animated et_pb_module et_flex_module preset--module--divi-text--default\"><div class=\"et_pb_text_inner\" data-et-mv-hidden-phone=\"true\"><h1>Logo i&nbsp;Identyfikacja<\/h1>\n<\/div><\/div>\n\n<div class=\"et_pb_gallery_0 et_pb_gallery et_pb_bg_layout_light et_pb_slider et_pb_gallery_fullwidth clearfix et_pb_module\" data-auto-rotate=\"off\" data-auto-rotate-speed=\"\"><div class=\"et_pb_gallery_items et_post_gallery clearfix\" data-per_page=\"1\"><div class=\"et_pb_gallery_item et_pb_gallery_item_0_0\"><div class=\"et_pb_gallery_image landscape\" data-per_page=\"1\"><a href=\"https:\/\/kkossowski.pl\/wp-content\/uploads\/2025\/11\/cyberchads-brandbook_1.avif\" title=\"\"><img decoding=\"async\" src=\"https:\/\/kkossowski.pl\/wp-content\/uploads\/2025\/11\/cyberchads-brandbook_1.avif\" alt=\"\" class=\"wp-image-298\" \/><span class=\"et_overlay\" data-icon=\"\" data-icon-tablet=\"\" data-icon-phone=\"\"><\/span><\/a><\/div><\/div><div class=\"et_pb_gallery_item et_pb_gallery_item_0_1\"><div class=\"et_pb_gallery_image landscape\" data-per_page=\"1\"><a href=\"https:\/\/kkossowski.pl\/wp-content\/uploads\/2025\/11\/cyberchads-brandbook_2.avif\" title=\"\"><img decoding=\"async\" src=\"https:\/\/kkossowski.pl\/wp-content\/uploads\/2025\/11\/cyberchads-brandbook_2.avif\" alt=\"\" class=\"wp-image-299\" \/><span class=\"et_overlay\" data-icon=\"\" data-icon-tablet=\"\" data-icon-phone=\"\"><\/span><\/a><\/div><\/div><div class=\"et_pb_gallery_item et_pb_gallery_item_0_2\"><div class=\"et_pb_gallery_image landscape\" data-per_page=\"1\"><a href=\"https:\/\/kkossowski.pl\/wp-content\/uploads\/2025\/11\/cyberchads-brandbook_3.avif\" title=\"\"><img decoding=\"async\" src=\"https:\/\/kkossowski.pl\/wp-content\/uploads\/2025\/11\/cyberchads-brandbook_3.avif\" alt=\"\" class=\"wp-image-300\" \/><span class=\"et_overlay\" data-icon=\"\" data-icon-tablet=\"\" data-icon-phone=\"\"><\/span><\/a><\/div><\/div><div class=\"et_pb_gallery_item et_pb_gallery_item_0_3\"><div class=\"et_pb_gallery_image landscape\" data-per_page=\"1\"><a href=\"https:\/\/kkossowski.pl\/wp-content\/uploads\/2025\/11\/cyberchads-brandbook_4.avif\" title=\"\"><img decoding=\"async\" src=\"https:\/\/kkossowski.pl\/wp-content\/uploads\/2025\/11\/cyberchads-brandbook_4.avif\" alt=\"\" class=\"wp-image-301\" \/><span class=\"et_overlay\" data-icon=\"\" data-icon-tablet=\"\" data-icon-phone=\"\"><\/span><\/a><\/div><\/div><div class=\"et_pb_gallery_item et_pb_gallery_item_0_4\"><div class=\"et_pb_gallery_image landscape\" data-per_page=\"1\"><a href=\"https:\/\/kkossowski.pl\/wp-content\/uploads\/2025\/11\/cyberchads-brandbook_5.avif\" title=\"\"><img decoding=\"async\" src=\"https:\/\/kkossowski.pl\/wp-content\/uploads\/2025\/11\/cyberchads-brandbook_5.avif\" alt=\"\" class=\"wp-image-302\" \/><span class=\"et_overlay\" data-icon=\"\" data-icon-tablet=\"\" data-icon-phone=\"\"><\/span><\/a><\/div><\/div><div class=\"et_pb_gallery_item et_pb_gallery_item_0_5\"><div class=\"et_pb_gallery_image landscape\" data-per_page=\"1\"><a href=\"https:\/\/kkossowski.pl\/wp-content\/uploads\/2025\/11\/cyberchads-brandbook_6.avif\" title=\"\"><img decoding=\"async\" src=\"https:\/\/kkossowski.pl\/wp-content\/uploads\/2025\/11\/cyberchads-brandbook_6.avif\" alt=\"\" class=\"wp-image-303\" \/><span class=\"et_overlay\" data-icon=\"\" data-icon-tablet=\"\" data-icon-phone=\"\"><\/span><\/a><\/div><\/div><div class=\"et_pb_gallery_item et_pb_gallery_item_0_6\"><div class=\"et_pb_gallery_image landscape\" data-per_page=\"1\"><a href=\"https:\/\/kkossowski.pl\/wp-content\/uploads\/2025\/11\/cyberchads-brandbook_7.avif\" title=\"\"><img decoding=\"async\" src=\"https:\/\/kkossowski.pl\/wp-content\/uploads\/2025\/11\/cyberchads-brandbook_7.avif\" alt=\"\" class=\"wp-image-304\" \/><span class=\"et_overlay\" data-icon=\"\" data-icon-tablet=\"\" data-icon-phone=\"\"><\/span><\/a><\/div><\/div><div class=\"et_pb_gallery_item et_pb_gallery_item_0_7\"><div class=\"et_pb_gallery_image landscape\" data-per_page=\"1\"><a href=\"https:\/\/kkossowski.pl\/wp-content\/uploads\/2025\/11\/cyberchads-brandbook_8.avif\" title=\"\"><img decoding=\"async\" src=\"https:\/\/kkossowski.pl\/wp-content\/uploads\/2025\/11\/cyberchads-brandbook_8.avif\" alt=\"\" class=\"wp-image-305\" \/><span class=\"et_overlay\" data-icon=\"\" data-icon-tablet=\"\" data-icon-phone=\"\"><\/span><\/a><\/div><\/div><div class=\"et_pb_gallery_item et_pb_gallery_item_0_8\"><div class=\"et_pb_gallery_image landscape\" data-per_page=\"1\"><a href=\"https:\/\/kkossowski.pl\/wp-content\/uploads\/2025\/11\/cyberchads-brandbook_9.avif\" title=\"\"><img decoding=\"async\" src=\"https:\/\/kkossowski.pl\/wp-content\/uploads\/2025\/11\/cyberchads-brandbook_9.avif\" alt=\"\" class=\"wp-image-306\" \/><span class=\"et_overlay\" data-icon=\"\" data-icon-tablet=\"\" data-icon-phone=\"\"><\/span><\/a><\/div><\/div><div class=\"et_pb_gallery_item et_pb_gallery_item_0_9\"><div class=\"et_pb_gallery_image landscape\" data-per_page=\"1\"><a href=\"https:\/\/kkossowski.pl\/wp-content\/uploads\/2025\/11\/cyberchads-brandbook_10.avif\" title=\"\"><img decoding=\"async\" src=\"https:\/\/kkossowski.pl\/wp-content\/uploads\/2025\/11\/cyberchads-brandbook_10.avif\" alt=\"\" class=\"wp-image-307\" \/><span class=\"et_overlay\" data-icon=\"\" data-icon-tablet=\"\" data-icon-phone=\"\"><\/span><\/a><\/div><\/div><div class=\"et_pb_gallery_item et_pb_gallery_item_0_10\"><div class=\"et_pb_gallery_image landscape\" data-per_page=\"1\"><a href=\"https:\/\/kkossowski.pl\/wp-content\/uploads\/2025\/11\/cyberchads-brandbook_11.avif\" title=\"\"><img decoding=\"async\" src=\"https:\/\/kkossowski.pl\/wp-content\/uploads\/2025\/11\/cyberchads-brandbook_11.avif\" alt=\"\" class=\"wp-image-308\" \/><span class=\"et_overlay\" data-icon=\"\" data-icon-tablet=\"\" data-icon-phone=\"\"><\/span><\/a><\/div><\/div><\/div><\/div>\n<\/div>\n<\/div>\n<\/div>\n\n<div class=\"et_pb_section_2 et_pb_section et_section_regular et_flex_section\">\n<div class=\"et_pb_row_2 et_pb_row et_flex_row preset--module--divi-row--default\">\n<div class=\"et_pb_column_3 et_pb_column et-last-child et_flex_column et_pb_css_mix_blend_mode_passthrough et_flex_column_24_24 et_flex_column_24_24_tablet et_flex_column_24_24_phone et_flex_column_24_24_widescreen\">\n<div class=\"et_pb_text_3 et_pb_text et_pb_bg_layout_light et_animated et_pb_module et_flex_module preset--module--divi-text--default\"><div class=\"et_pb_text_inner\" data-et-mv-hidden-phone=\"true\"><h1>Dodatki firmowe<\/h1>\n<\/div><\/div>\n<\/div>\n<\/div>\n\n<div class=\"et_pb_row_3 et_pb_row et_flex_row preset--module--divi-row--default\">\n<div class=\"et_pb_column_4 et_pb_column et_flex_column et_pb_css_mix_blend_mode_passthrough et_flex_column_12_24 et_flex_column_12_24_tablet et_flex_column_24_24_phone et_flex_column_12_24_widescreen\">\n<div class=\"et_pb_image_1 et_pb_image et_pb_module et_flex_module\"><a href=\"https:\/\/kkossowski.pl\/wp-content\/uploads\/2025\/11\/DE_A4Paper_BusinessCards.avif\" class=\"et_pb_lightbox_image\"><span class=\"et_pb_image_wrap\"><img decoding=\"async\" src=\"https:\/\/kkossowski.pl\/wp-content\/uploads\/2025\/11\/DE_A4Paper_BusinessCards.avif\" width=\"2000\" height=\"1400\" sizes=\"(max-width: 2000px) 100vw, 2000px\" class=\"wp-image-326\" \/><\/span><\/a><\/div>\n\n<div class=\"et_pb_image_2 et_pb_image et_pb_module et_flex_module\"><a href=\"https:\/\/kkossowski.pl\/wp-content\/uploads\/2025\/11\/DE_A4_Paper.avif\" class=\"et_pb_lightbox_image\"><span class=\"et_pb_image_wrap\"><img decoding=\"async\" src=\"https:\/\/kkossowski.pl\/wp-content\/uploads\/2025\/11\/DE_A4_Paper.avif\" width=\"2200\" height=\"1400\" sizes=\"(max-width: 2200px) 100vw, 2200px\" class=\"wp-image-324\" \/><\/span><\/a><\/div>\n\n<div class=\"et_pb_image_3 et_pb_image et_pb_module et_flex_module\"><a href=\"https:\/\/kkossowski.pl\/wp-content\/uploads\/2025\/11\/Free-Luxury-Envelope-Mockup-scaled.avif\" class=\"et_pb_lightbox_image\"><span class=\"et_pb_image_wrap\"><img decoding=\"async\" src=\"https:\/\/kkossowski.pl\/wp-content\/uploads\/2025\/11\/Free-Luxury-Envelope-Mockup-scaled.avif\" width=\"4500\" height=\"3000\" sizes=\"(max-width: 4500px) 100vw, 4500px\" class=\"wp-image-327\" \/><\/span><\/a><\/div>\n\n<div class=\"et_pb_image_4 et_pb_image et_pb_module et_flex_module\"><a href=\"https:\/\/kkossowski.pl\/wp-content\/uploads\/2025\/11\/Free-Socks-Mockup-1.png\" class=\"et_pb_lightbox_image\"><span class=\"et_pb_image_wrap\"><img data-dominant-color=\"3d2852\" data-has-transparency=\"false\" style=\"--dominant-color: #3d2852;\" decoding=\"async\" src=\"https:\/\/kkossowski.pl\/wp-content\/uploads\/2025\/11\/Free-Socks-Mockup-1.png\" width=\"4500\" height=\"3000\" srcset=\"https:\/\/kkossowski.pl\/wp-content\/uploads\/2025\/11\/Free-Socks-Mockup-1.png 4500w\" sizes=\"(max-width: 4500px) 100vw, 4500px\" class=\"wp-image-329 not-transparent\" \/><\/span><\/a><\/div>\n<\/div>\n\n<div class=\"et_pb_column_5 et_pb_column et-last-child et_flex_column et_pb_css_mix_blend_mode_passthrough et_flex_column_12_24 et_flex_column_12_24_tablet et_flex_column_24_24_phone et_flex_column_12_24_widescreen\">\n<div class=\"et_pb_image_5 et_pb_image et_pb_module et_flex_module\"><a href=\"https:\/\/kkossowski.pl\/wp-content\/uploads\/2025\/11\/Ceramic_Mug_Mockup_5.png\" class=\"et_pb_lightbox_image\"><span class=\"et_pb_image_wrap\"><img data-dominant-color=\"cdbbab\" data-has-transparency=\"true\" style=\"--dominant-color: #cdbbab;\" decoding=\"async\" src=\"https:\/\/kkossowski.pl\/wp-content\/uploads\/2025\/11\/Ceramic_Mug_Mockup_5.png\" width=\"4000\" height=\"3000\" srcset=\"https:\/\/kkossowski.pl\/wp-content\/uploads\/2025\/11\/Ceramic_Mug_Mockup_5.png 4000w\" sizes=\"(max-width: 4000px) 100vw, 4000px\" class=\"wp-image-325 has-transparency\" \/><\/span><\/a><\/div>\n\n<div class=\"et_pb_image_6 et_pb_image et_pb_module et_flex_module\"><a href=\"https:\/\/kkossowski.pl\/wp-content\/uploads\/2025\/11\/Free_Square_Coaster_Mockup_5.png\" class=\"et_pb_lightbox_image\"><span class=\"et_pb_image_wrap\"><img data-dominant-color=\"cbc4c0\" data-has-transparency=\"true\" style=\"--dominant-color: #cbc4c0;\" decoding=\"async\" src=\"https:\/\/kkossowski.pl\/wp-content\/uploads\/2025\/11\/Free_Square_Coaster_Mockup_5.png\" width=\"4000\" height=\"3000\" srcset=\"https:\/\/kkossowski.pl\/wp-content\/uploads\/2025\/11\/Free_Square_Coaster_Mockup_5.png 4000w\" sizes=\"(max-width: 4000px) 100vw, 4000px\" class=\"wp-image-332 has-transparency\" \/><\/span><\/a><\/div>\n\n<div class=\"et_pb_image_7 et_pb_image et_pb_module et_flex_module\"><a href=\"https:\/\/kkossowski.pl\/wp-content\/uploads\/2025\/11\/Free_Mousepad_Mockup_3-scaled.avif\" class=\"et_pb_lightbox_image\"><span class=\"et_pb_image_wrap\"><img decoding=\"async\" src=\"https:\/\/kkossowski.pl\/wp-content\/uploads\/2025\/11\/Free_Mousepad_Mockup_3-scaled.avif\" width=\"4000\" height=\"3000\" sizes=\"(max-width: 4000px) 100vw, 4000px\" class=\"wp-image-330\" \/><\/span><\/a><\/div>\n<\/div>\n<\/div>\n\n<div class=\"et_pb_row_4 et_pb_row et_flex_row preset--module--divi-row--default\">\n<div class=\"et_pb_column_6 et_pb_column et-last-child et_flex_column et_pb_css_mix_blend_mode_passthrough et_flex_column_24_24 et_flex_column_24_24_tablet et_flex_column_24_24_phone et_flex_column_24_24_widescreen\">\n<div class=\"et_pb_text_4 et_pb_text et_pb_bg_layout_light et_pb_module et_flex_module preset--module--divi-text--default\"><div class=\"et_pb_text_inner\"><p>Projekt opiera si\u0119 na wyrazistych, energetycznych barwach inspirowanych estetyk\u0105 lat 80. oraz minimalistycznym, \u017cartobliwym stylu, oddaj\u0105cym charakter marki kojarzonej z fitnessow\u0105 kultur\u0105 i pewno\u015bci\u0105 siebie. Typografia oraz zaokr\u0105glone, dynamiczne elementy graficzne na materia\u0142ach i stronie internetowej nawi\u0105zuj\u0105 do neon\u00f3w lat 80., nadaj\u0105c ca\u0142o\u015bci przyjazny i nowoczesny wyraz.\u200b<\/p>\n<p>Materia\u0142y brandingowe marki zosta\u0142y opracowane z my\u015bl\u0105 o sp\u00f3jnej identyfikacji wizualnej, zapewniaj\u0105cej czytelno\u015b\u0107 i intuicyjne odbieranie najwa\u017cniejszych informacji. Wszystkie projekty \u2013 od opakowa\u0144, przez gad\u017cety i papeteri\u0119 po digital \u2013 s\u0105 w pe\u0142ni responsywne i dostosowane do nowoczesnych standard\u00f3w prezentzentacji tre\u015bci.\u200b<\/p>\n<p>\u00a0<\/p>\n<\/div><\/div>\n<\/div>\n<\/div>\n<\/div>\n\n<div class=\"et_pb_section_3 et_pb_section et_section_regular et_flex_section\">\n<div class=\"et_pb_row_5 et_pb_row et_flex_row preset--module--divi-row--default\">\n<div class=\"et_pb_column_7 et_pb_column et-last-child et_flex_column et_pb_css_mix_blend_mode_passthrough et_flex_column_24_24 et_flex_column_24_24_tablet et_flex_column_24_24_phone et_flex_column_24_24_widescreen\">\n<div class=\"et_pb_text_5 et_pb_text et_pb_bg_layout_light et_animated et_pb_module et_flex_module preset--module--divi-text--default\"><div class=\"et_pb_text_inner\" data-et-mv-hidden-phone=\"true\"><h1>Technologie<\/h1>\n<\/div><\/div>\n<\/div>\n<\/div>\n\n<div class=\"et_pb_row_6 et_pb_row et_flex_row preset--module--divi-row--default\">\n<div class=\"et_pb_column_8 et_pb_column et_flex_column et_pb_css_mix_blend_mode_passthrough et_animated et_flex_column_8_24 et_flex_column_8_24_tablet et_flex_column_24_24_phone et_flex_column_8_24_widescreen\">\n<div class=\"et_pb_text_6 et_pb_text et_pb_bg_layout_dark et_pb_module et_flex_module preset--module--divi-text--default\"><div class=\"et_pb_text_inner\"><p>Figma<\/p>\n<\/div><\/div>\n<\/div>\n\n<div class=\"et_pb_column_9 et_pb_column et-last-child et_flex_column et_pb_css_mix_blend_mode_passthrough et_animated et_flex_column_8_24 et_flex_column_8_24_tablet et_flex_column_24_24_phone et_flex_column_8_24_widescreen\">\n<div class=\"et_pb_text_7 et_pb_text et_pb_bg_layout_dark et_pb_module et_flex_module preset--module--divi-text--default\"><div class=\"et_pb_text_inner\" data-et-mv-hidden-phone=\"true\"><p>Pakiet Affinity V2<\/p>\n<\/div><\/div>\n<\/div>\n<\/div>\n<\/div>","protected":false},"excerpt":{"rendered":"","protected":false},"author":1,"featured_media":0,"parent":0,"menu_order":0,"comment_status":"closed","ping_status":"closed","template":"","meta":{"inline_featured_image":false,"iawp_total_views":28,"footnotes":""},"class_list":["post-296","page","type-page","status-publish","hentry"],"_links":{"self":[{"href":"https:\/\/kkossowski.pl\/pl\/wp-json\/wp\/v2\/pages\/296","targetHints":{"allow":["GET"]}}],"collection":[{"href":"https:\/\/kkossowski.pl\/pl\/wp-json\/wp\/v2\/pages"}],"about":[{"href":"https:\/\/kkossowski.pl\/pl\/wp-json\/wp\/v2\/types\/page"}],"author":[{"embeddable":true,"href":"https:\/\/kkossowski.pl\/pl\/wp-json\/wp\/v2\/users\/1"}],"replies":[{"embeddable":true,"href":"https:\/\/kkossowski.pl\/pl\/wp-json\/wp\/v2\/comments?post=296"}],"version-history":[{"count":20,"href":"https:\/\/kkossowski.pl\/pl\/wp-json\/wp\/v2\/pages\/296\/revisions"}],"predecessor-version":[{"id":658,"href":"https:\/\/kkossowski.pl\/pl\/wp-json\/wp\/v2\/pages\/296\/revisions\/658"}],"wp:attachment":[{"href":"https:\/\/kkossowski.pl\/pl\/wp-json\/wp\/v2\/media?parent=296"}],"curies":[{"name":"wp","href":"https:\/\/api.w.org\/{rel}","templated":true}]}}