{"id":152,"date":"2025-11-04T17:29:58","date_gmt":"2025-11-04T17:29:58","guid":{"rendered":"https:\/\/kkossowski.pl\/?page_id=152"},"modified":"2026-01-04T21:16:00","modified_gmt":"2026-01-04T21:16:00","slug":"magia-tatr-2","status":"publish","type":"page","link":"https:\/\/kkossowski.pl\/pl\/magia-tatr-2\/","title":{"rendered":"Magia Tatr"},"content":{"rendered":"<div class=\"et_pb_section_0 et_pb_section et_section_regular et_flex_section\">\n<div class=\"et_pb_row_0 et_pb_row et_flex_row preset--module--divi-row--default\">\n<div class=\"et_pb_column_0 et_pb_column et_flex_column et_pb_css_mix_blend_mode_passthrough et_animated et_flex_column_12_24 et_flex_column_12_24_tablet et_flex_column_24_24_phone et_flex_column_12_24_widescreen\">\n<div class=\"et_pb_image_0 et_pb_image et_pb_image_sticky et_pb_module et_flex_module\"><span class=\"et_pb_image_wrap\"><img decoding=\"async\" src=\"https:\/\/kkossowski.pl\/wp-content\/uploads\/2025\/11\/logo_kolor.svg\" width=\"100\" height=\"100\" srcset=\"https:\/\/kkossowski.pl\/wp-content\/uploads\/2025\/11\/logo_kolor.svg 100w\" sizes=\"(min-width: 0px) and (max-width: 0px) 0px, (min-width: 1px) 100px, 100vw\" class=\"wp-image-154\" \/><\/span><\/div>\n<\/div>\n\n<div class=\"et_pb_column_1 et_pb_column et-last-child et_flex_column et_pb_css_mix_blend_mode_passthrough et_animated et_flex_column_12_24 et_flex_column_12_24_tablet et_flex_column_24_24_phone et_flex_column_12_24_widescreen\">\n<div class=\"et_pb_text_0 et_pb_text et_pb_bg_layout_dark et_pb_module et_flex_module preset--module--divi-text--default\"><div class=\"et_pb_text_inner\"><h1>Opis<\/h1>\n<\/div><\/div>\n\n<div class=\"et_pb_text_1 et_pb_text et_pb_bg_layout_dark et_pb_module et_flex_module preset--module--divi-text--default\"><div class=\"et_pb_text_inner\"><p>Nowoczesna strona internetowa stworzona dla&nbsp;apartamentu widokowego. <strong>Celem projektu<\/strong> by\u0142o zaprezentowanie miejsca na&nbsp;wypoczynek, kt\u00f3re zapewnia spok\u00f3j i&nbsp;prywatno\u015b\u0107, jednocze\u015bnie b\u0119d\u0105c blisko centrum miasta i&nbsp;kluczowych atrakcji turystycznych Zakopanego.<\/p>\n<\/div><\/div>\n<\/div>\n<\/div>\n<\/div>\n\n<div class=\"et_pb_section_1 et_pb_section et_section_regular et_flex_section\">\n<div class=\"et_pb_row_1 et_pb_row et_flex_row preset--module--divi-row--default\">\n<div class=\"et_pb_column_2 et_pb_column et-last-child et_flex_column et_pb_css_mix_blend_mode_passthrough et_flex_column_24_24 et_flex_column_24_24_tablet et_flex_column_24_24_phone et_flex_column_24_24_widescreen\">\n<div class=\"et_pb_text_2 et_pb_text et_pb_bg_layout_light et_animated et_pb_module et_flex_module preset--module--divi-text--default\"><div class=\"et_pb_text_inner\" data-et-mv-hidden-phone=\"true\"><h1>Projekt Logo<\/h1>\n<\/div><\/div>\n\n<div class=\"et_pb_gallery_0 et_pb_gallery et_pb_bg_layout_light et_pb_slider et_pb_gallery_fullwidth clearfix et_pb_module\" data-auto-rotate=\"off\" data-auto-rotate-speed=\"\"><div class=\"et_pb_gallery_items et_post_gallery clearfix\" data-per_page=\"1\"><div class=\"et_pb_gallery_item et_pb_gallery_item_0_0\"><div class=\"et_pb_gallery_image landscape\" data-per_page=\"1\"><a href=\"https:\/\/kkossowski.pl\/wp-content\/uploads\/2025\/11\/magia_tatr_ksiega_znaku_1.avif\" title=\"\"><img decoding=\"async\" src=\"https:\/\/kkossowski.pl\/wp-content\/uploads\/2025\/11\/magia_tatr_ksiega_znaku_1.avif\" alt=\"\" class=\"wp-image-254\" \/><span class=\"et_overlay\" data-icon=\"\" data-icon-tablet=\"\" data-icon-phone=\"\"><\/span><\/a><\/div><\/div><div class=\"et_pb_gallery_item et_pb_gallery_item_0_1\"><div class=\"et_pb_gallery_image landscape\" data-per_page=\"1\"><a href=\"https:\/\/kkossowski.pl\/wp-content\/uploads\/2025\/11\/magia_tatr_ksiega_znaku_2.avif\" title=\"\"><img decoding=\"async\" src=\"https:\/\/kkossowski.pl\/wp-content\/uploads\/2025\/11\/magia_tatr_ksiega_znaku_2.avif\" alt=\"\" class=\"wp-image-255\" \/><span class=\"et_overlay\" data-icon=\"\" data-icon-tablet=\"\" data-icon-phone=\"\"><\/span><\/a><\/div><\/div><div class=\"et_pb_gallery_item et_pb_gallery_item_0_2\"><div class=\"et_pb_gallery_image landscape\" data-per_page=\"1\"><a href=\"https:\/\/kkossowski.pl\/wp-content\/uploads\/2025\/11\/magia_tatr_ksiega_znaku_3.avif\" title=\"\"><img decoding=\"async\" src=\"https:\/\/kkossowski.pl\/wp-content\/uploads\/2025\/11\/magia_tatr_ksiega_znaku_3.avif\" alt=\"\" class=\"wp-image-256\" \/><span class=\"et_overlay\" data-icon=\"\" data-icon-tablet=\"\" data-icon-phone=\"\"><\/span><\/a><\/div><\/div><div class=\"et_pb_gallery_item et_pb_gallery_item_0_3\"><div class=\"et_pb_gallery_image landscape\" data-per_page=\"1\"><a href=\"https:\/\/kkossowski.pl\/wp-content\/uploads\/2025\/11\/magia_tatr_ksiega_znaku_4.avif\" title=\"\"><img decoding=\"async\" src=\"https:\/\/kkossowski.pl\/wp-content\/uploads\/2025\/11\/magia_tatr_ksiega_znaku_4.avif\" alt=\"\" class=\"wp-image-257\" \/><span class=\"et_overlay\" data-icon=\"\" data-icon-tablet=\"\" data-icon-phone=\"\"><\/span><\/a><\/div><\/div><div class=\"et_pb_gallery_item et_pb_gallery_item_0_4\"><div class=\"et_pb_gallery_image landscape\" data-per_page=\"1\"><a href=\"https:\/\/kkossowski.pl\/wp-content\/uploads\/2025\/11\/magia_tatr_ksiega_znaku_5.avif\" title=\"\"><img decoding=\"async\" src=\"https:\/\/kkossowski.pl\/wp-content\/uploads\/2025\/11\/magia_tatr_ksiega_znaku_5.avif\" alt=\"\" class=\"wp-image-258\" \/><span class=\"et_overlay\" data-icon=\"\" data-icon-tablet=\"\" data-icon-phone=\"\"><\/span><\/a><\/div><\/div><div class=\"et_pb_gallery_item et_pb_gallery_item_0_5\"><div class=\"et_pb_gallery_image landscape\" data-per_page=\"1\"><a href=\"https:\/\/kkossowski.pl\/wp-content\/uploads\/2025\/11\/magia_tatr_ksiega_znaku_6.avif\" title=\"\"><img decoding=\"async\" src=\"https:\/\/kkossowski.pl\/wp-content\/uploads\/2025\/11\/magia_tatr_ksiega_znaku_6.avif\" alt=\"\" class=\"wp-image-259\" \/><span class=\"et_overlay\" data-icon=\"\" data-icon-tablet=\"\" data-icon-phone=\"\"><\/span><\/a><\/div><\/div><div class=\"et_pb_gallery_item et_pb_gallery_item_0_6\"><div class=\"et_pb_gallery_image landscape\" data-per_page=\"1\"><a href=\"https:\/\/kkossowski.pl\/wp-content\/uploads\/2025\/11\/magia_tatr_ksiega_znaku_7.avif\" title=\"\"><img decoding=\"async\" src=\"https:\/\/kkossowski.pl\/wp-content\/uploads\/2025\/11\/magia_tatr_ksiega_znaku_7.avif\" alt=\"\" class=\"wp-image-260\" \/><span class=\"et_overlay\" data-icon=\"\" data-icon-tablet=\"\" data-icon-phone=\"\"><\/span><\/a><\/div><\/div><div class=\"et_pb_gallery_item et_pb_gallery_item_0_7\"><div class=\"et_pb_gallery_image landscape\" data-per_page=\"1\"><a href=\"https:\/\/kkossowski.pl\/wp-content\/uploads\/2025\/11\/magia_tatr_ksiega_znaku_8.avif\" title=\"\"><img decoding=\"async\" src=\"https:\/\/kkossowski.pl\/wp-content\/uploads\/2025\/11\/magia_tatr_ksiega_znaku_8.avif\" alt=\"\" class=\"wp-image-261\" \/><span class=\"et_overlay\" data-icon=\"\" data-icon-tablet=\"\" data-icon-phone=\"\"><\/span><\/a><\/div><\/div><\/div><\/div>\n<\/div>\n<\/div>\n<\/div>\n\n<div class=\"et_pb_section_2 et_pb_section et_section_regular et_flex_section\">\n<div class=\"et_pb_row_2 et_pb_row et_flex_row preset--module--divi-row--default\">\n<div class=\"et_pb_column_3 et_pb_column et-last-child et_flex_column et_pb_css_mix_blend_mode_passthrough et_flex_column_24_24 et_flex_column_24_24_tablet et_flex_column_24_24_phone et_flex_column_24_24_widescreen\">\n<div class=\"et_pb_text_3 et_pb_text et_pb_bg_layout_light et_animated et_pb_module et_flex_module preset--module--divi-text--default\"><div class=\"et_pb_text_inner\" data-et-mv-hidden-phone=\"true\"><h1>Strona i&nbsp;Identyfikacja<\/h1>\n<\/div><\/div>\n<\/div>\n<\/div>\n\n<div class=\"et_pb_row_3 et_pb_row et_flex_row preset--module--divi-row--default\">\n<div class=\"et_pb_column_4 et_pb_column et_flex_column et_pb_css_mix_blend_mode_passthrough et_flex_column_24_24 et_flex_column_24_24_tablet et_flex_column_24_24_phone et_flex_column_24_24_widescreen\">\n<div class=\"et_pb_image_1 et_pb_image et_pb_module et_flex_module\"><a href=\"https:\/\/kkossowski.pl\/wp-content\/uploads\/2025\/11\/magiatatr.com_-scaled.png\" class=\"et_pb_lightbox_image\"><span class=\"et_pb_image_wrap\"><img data-dominant-color=\"bbc4b6\" data-has-transparency=\"false\" style=\"--dominant-color: #bbc4b6;\" decoding=\"async\" src=\"https:\/\/kkossowski.pl\/wp-content\/uploads\/2025\/11\/magiatatr.com_-scaled.png\" width=\"1449\" height=\"2560\" srcset=\"https:\/\/kkossowski.pl\/wp-content\/uploads\/2025\/11\/magiatatr.com_-scaled.png 1449w, https:\/\/kkossowski.pl\/wp-content\/uploads\/2025\/11\/magiatatr.com_-1280x2261.png 1280w, https:\/\/kkossowski.pl\/wp-content\/uploads\/2025\/11\/magiatatr.com_-980x1731.png 980w, https:\/\/kkossowski.pl\/wp-content\/uploads\/2025\/11\/magiatatr.com_-480x848.png 480w\" sizes=\"(min-width: 0px) and (max-width: 480px) 480px, (min-width: 481px) and (max-width: 980px) 980px, (min-width: 981px) and (max-width: 1280px) 1280px, (min-width: 1281px) 1449px, 100vw\" class=\"wp-image-175 not-transparent\" \/><\/span><\/a><\/div>\n<\/div>\n\n<div class=\"et_pb_column_5 et_pb_column et_flex_column et_pb_css_mix_blend_mode_passthrough et_flex_column_24_24 et_flex_column_24_24_tablet et_flex_column_24_24_phone et_flex_column_24_24_widescreen\">\n<div class=\"et_pb_image_2 et_pb_image et_pb_module et_flex_module\"><a href=\"https:\/\/kkossowski.pl\/wp-content\/uploads\/2025\/11\/magiatatr.com_apartamenty_.avif\" class=\"et_pb_lightbox_image\"><span class=\"et_pb_image_wrap\"><img decoding=\"async\" src=\"https:\/\/kkossowski.pl\/wp-content\/uploads\/2025\/11\/magiatatr.com_apartamenty_.avif\" width=\"1485\" height=\"2012\" sizes=\"(max-width: 1485px) 100vw, 1485px\" class=\"wp-image-241\" \/><\/span><\/a><\/div>\n<\/div>\n\n<div class=\"et_pb_column_6 et_pb_column et-last-child et_flex_column et_pb_css_mix_blend_mode_passthrough et_flex_column_24_24 et_flex_column_24_24_tablet et_flex_column_24_24_phone et_flex_column_24_24_widescreen\">\n<div class=\"et_pb_image_3 et_pb_image et_pb_module et_flex_module\"><a href=\"https:\/\/kkossowski.pl\/wp-content\/uploads\/2025\/11\/magiatatr.com_project_apartament-jawor_.avif\" class=\"et_pb_lightbox_image\"><span class=\"et_pb_image_wrap\"><img decoding=\"async\" src=\"https:\/\/kkossowski.pl\/wp-content\/uploads\/2025\/11\/magiatatr.com_project_apartament-jawor_.avif\" width=\"1485\" height=\"1620\" sizes=\"(max-width: 1485px) 100vw, 1485px\" class=\"wp-image-243\" \/><\/span><\/a><\/div>\n<\/div>\n<\/div>\n\n<div class=\"et_pb_row_4 et_pb_row et_flex_row preset--module--divi-row--default\">\n<div class=\"et_pb_column_7 et_pb_column et-last-child et_flex_column et_pb_css_mix_blend_mode_passthrough et_flex_column_24_24 et_flex_column_24_24_tablet et_flex_column_24_24_phone et_flex_column_24_24_widescreen\">\n<div class=\"et_pb_text_4 et_pb_text et_pb_bg_layout_light et_pb_module et_flex_module preset--module--divi-text--default\"><div class=\"et_pb_text_inner\"><p>Projekt opiera si\u0119&nbsp;na&nbsp;inspirowanych natur\u0105 barwach i&nbsp;minimalistycznym stylu, oddaj\u0105cym atmosfer\u0119 g\u00f3r, spokoju i&nbsp;przestrzeni. Typografia oraz elementy na&nbsp;stronie internetowej nawi\u0105zuj\u0105 do&nbsp;zaokr\u0105glonego logo, nadaj\u0105c jej&nbsp;bardziej przyjazny charakter.<\/p>\n<p> Strona zosta\u0142a zaprojektowana z&nbsp;my\u015bl\u0105 o&nbsp;intuicyjnym poruszaniu si\u0119, umo\u017cliwiaj\u0105c szybkie dotarcie do&nbsp;najwa\u017cniejszych informacji o&nbsp;apartamencie i&nbsp;jego zaletach. Mobilna wersja jest w&nbsp;pe\u0142ni responsywna.<\/p>\n<\/div><\/div>\n<\/div>\n<\/div>\n<\/div>\n\n<div class=\"et_pb_section_3 et_pb_section et_section_regular et_flex_section\">\n<div class=\"et_pb_row_5 et_pb_row et_flex_row preset--module--divi-row--default\">\n<div class=\"et_pb_column_8 et_pb_column et-last-child et_flex_column et_pb_css_mix_blend_mode_passthrough et_flex_column_24_24 et_flex_column_24_24_tablet et_flex_column_24_24_phone et_flex_column_24_24_widescreen\">\n<div class=\"et_pb_text_5 et_pb_text et_pb_bg_layout_light et_animated et_pb_module et_flex_module preset--module--divi-text--default\"><div class=\"et_pb_text_inner\" data-et-mv-hidden-phone=\"true\"><h1>Technologie<\/h1>\n<\/div><\/div>\n<\/div>\n<\/div>\n\n<div class=\"et_pb_row_6 et_pb_row et_flex_row preset--module--divi-row--default\">\n<div class=\"et_pb_column_9 et_pb_column et_flex_column et_pb_css_mix_blend_mode_passthrough et_animated et_flex_column_8_24 et_flex_column_8_24_tablet et_flex_column_24_24_phone et_flex_column_8_24_widescreen\">\n<div class=\"et_pb_text_6 et_pb_text et_pb_bg_layout_dark et_pb_module et_flex_module preset--module--divi-text--default\"><div class=\"et_pb_text_inner\"><p>Figma<\/p>\n<\/div><\/div>\n<\/div>\n\n<div class=\"et_pb_column_10 et_pb_column et_flex_column et_pb_css_mix_blend_mode_passthrough et_animated et_flex_column_8_24 et_flex_column_8_24_tablet et_flex_column_24_24_phone et_flex_column_8_24_widescreen\">\n<div class=\"et_pb_text_7 et_pb_text et_pb_bg_layout_dark et_pb_module et_flex_module preset--module--divi-text--default\"><div class=\"et_pb_text_inner\"><p>Pakiet Affinity V2<\/p>\n<\/div><\/div>\n<\/div>\n\n<div class=\"et_pb_column_11 et_pb_column et-last-child et_flex_column et_pb_css_mix_blend_mode_passthrough et_animated et_flex_column_8_24 et_flex_column_8_24_tablet et_flex_column_24_24_phone et_flex_column_8_24_widescreen\">\n<div class=\"et_pb_text_8 et_pb_text et_pb_bg_layout_dark et_pb_module et_flex_module preset--module--divi-text--default\"><div class=\"et_pb_text_inner\"><p>WordPress + Divi<\/p>\n<\/div><\/div>\n<\/div>\n<\/div>\n<\/div>","protected":false},"excerpt":{"rendered":"","protected":false},"author":1,"featured_media":0,"parent":0,"menu_order":0,"comment_status":"closed","ping_status":"closed","template":"","meta":{"inline_featured_image":false,"iawp_total_views":25,"footnotes":""},"class_list":["post-152","page","type-page","status-publish","hentry"],"_links":{"self":[{"href":"https:\/\/kkossowski.pl\/pl\/wp-json\/wp\/v2\/pages\/152","targetHints":{"allow":["GET"]}}],"collection":[{"href":"https:\/\/kkossowski.pl\/pl\/wp-json\/wp\/v2\/pages"}],"about":[{"href":"https:\/\/kkossowski.pl\/pl\/wp-json\/wp\/v2\/types\/page"}],"author":[{"embeddable":true,"href":"https:\/\/kkossowski.pl\/pl\/wp-json\/wp\/v2\/users\/1"}],"replies":[{"embeddable":true,"href":"https:\/\/kkossowski.pl\/pl\/wp-json\/wp\/v2\/comments?post=152"}],"version-history":[{"count":72,"href":"https:\/\/kkossowski.pl\/pl\/wp-json\/wp\/v2\/pages\/152\/revisions"}],"predecessor-version":[{"id":659,"href":"https:\/\/kkossowski.pl\/pl\/wp-json\/wp\/v2\/pages\/152\/revisions\/659"}],"wp:attachment":[{"href":"https:\/\/kkossowski.pl\/pl\/wp-json\/wp\/v2\/media?parent=152"}],"curies":[{"name":"wp","href":"https:\/\/api.w.org\/{rel}","templated":true}]}}